{"id":1399,"date":"2020-03-27T15:59:10","date_gmt":"2020-03-27T18:59:10","guid":{"rendered":"http:\/\/localhost\/kingo\/produto\/caixa-de-som-bluetooth-kg-97\/"},"modified":"2020-03-27T15:59:13","modified_gmt":"2020-03-27T18:59:13","slug":"caixa-de-som-bluetooth-kg-97","status":"publish","type":"product","link":"https:\/\/host86.com.br\/clientes20\/kingo\/produto\/caixa-de-som-bluetooth-kg-97\/","title":{"rendered":"Caixa de Som Bluetooth (KG-97)"},"content":{"rendered":"<p>Fun\u00e7\u00f5es: Entrada para Pen Drive, cart\u00e3o de mem\u00f3ria, cabo p2\/p2 e micro usb; Tempo de dura\u00e7\u00e3o da bateria: 4-5 horas<\/p>\n","protected":false},"excerpt":{"rendered":"<p>Fun\u00e7\u00f5es: Entrada para Pen Drive, cart\u00e3o de mem\u00f3ria, cabo p2\/p2 e micro usb; Tempo de&#8230;<\/p>\n","protected":false},"featured_media":0,"comment_status":"closed","ping_status":"open","template":"","meta":{"_acf_changed":false},"class_list":["post-1399","product","type-product","status-publish","hentry","product_cat-caixas-de-som","pa_cores-preto"],"acf":[],"_links":{"self":[{"href":"https:\/\/host86.com.br\/clientes20\/kingo\/wp-json\/wp\/v2\/product\/1399","targetHints":{"allow":["GET"]}}],"collection":[{"href":"https:\/\/host86.com.br\/clientes20\/kingo\/wp-json\/wp\/v2\/product"}],"about":[{"href":"https:\/\/host86.com.br\/clientes20\/kingo\/wp-json\/wp\/v2\/types\/product"}],"replies":[{"embeddable":true,"href":"https:\/\/host86.com.br\/clientes20\/kingo\/wp-json\/wp\/v2\/comments?post=1399"}],"wp:attachment":[{"href":"https:\/\/host86.com.br\/clientes20\/kingo\/wp-json\/wp\/v2\/media?parent=1399"}],"curies":[{"name":"wp","href":"https:\/\/api.w.org\/{rel}","templated":true}]}}