{"id":1398,"date":"2020-03-27T15:59:10","date_gmt":"2020-03-27T18:59:10","guid":{"rendered":"http:\/\/localhost\/kingo\/produto\/caixa-de-som-bluetooth-kg-520\/"},"modified":"2020-04-01T13:28:40","modified_gmt":"2020-04-01T16:28:40","slug":"caixa-de-som-bluetooth-kg-520","status":"publish","type":"product","link":"https:\/\/host86.com.br\/clientes20\/kingo\/produto\/caixa-de-som-bluetooth-kg-520\/","title":{"rendered":"Caixa de Som Bluetooth (KG-520)"},"content":{"rendered":"<p>Caracter\u00edsticas: Pot\u00eancia de 10W; R\u00e1dio FM; Conex\u00e3o Sem Fio; Vers\u00e3o: V5.0; Entrada para cart\u00e3o TF; Carregamento via Micro USB; Bateria de 2000mAh; Dimens\u00f5es: 122 x 65 x 124mm<\/p>\n","protected":false},"excerpt":{"rendered":"<p>Caracter\u00edsticas: Pot\u00eancia de 10W; R\u00e1dio FM; Conex\u00e3o Sem Fio; Vers\u00e3o: V5.0; Entrada para cart\u00e3o TF;&#8230;<\/p>\n","protected":false},"featured_media":1837,"comment_status":"closed","ping_status":"closed","template":"","meta":{"_acf_changed":false},"class_list":["post-1398","product","type-product","status-publish","has-post-thumbnail","hentry","product_cat-caixas-de-som","pa_cores-preto"],"acf":[],"_links":{"self":[{"href":"https:\/\/host86.com.br\/clientes20\/kingo\/wp-json\/wp\/v2\/product\/1398","targetHints":{"allow":["GET"]}}],"collection":[{"href":"https:\/\/host86.com.br\/clientes20\/kingo\/wp-json\/wp\/v2\/product"}],"about":[{"href":"https:\/\/host86.com.br\/clientes20\/kingo\/wp-json\/wp\/v2\/types\/product"}],"replies":[{"embeddable":true,"href":"https:\/\/host86.com.br\/clientes20\/kingo\/wp-json\/wp\/v2\/comments?post=1398"}],"wp:featuredmedia":[{"embeddable":true,"href":"https:\/\/host86.com.br\/clientes20\/kingo\/wp-json\/wp\/v2\/media\/1837"}],"wp:attachment":[{"href":"https:\/\/host86.com.br\/clientes20\/kingo\/wp-json\/wp\/v2\/media?parent=1398"}],"curies":[{"name":"wp","href":"https:\/\/api.w.org\/{rel}","templated":true}]}}