{"id":1397,"date":"2020-03-27T15:59:10","date_gmt":"2020-03-27T18:59:10","guid":{"rendered":"http:\/\/localhost\/kingo\/produto\/caixa-de-som-bluetooth-multicolor-kg-500\/"},"modified":"2020-04-01T13:28:29","modified_gmt":"2020-04-01T16:28:29","slug":"caixa-de-som-bluetooth-multicolor-kg-500","status":"publish","type":"product","link":"https:\/\/host86.com.br\/clientes20\/kingo\/produto\/caixa-de-som-bluetooth-multicolor-kg-500\/","title":{"rendered":"Caixa de Som Bluetooth Multicolor (KG-500)"},"content":{"rendered":"<p>Especifica\u00e7\u00f5es do Produto: Pot\u00eancia de 10W; Luz colorida; Cart\u00e3o TF; Vers\u00e3o: V5.0; Bateria de L\u00edtio de 2000mAh; Dimens\u00e3o: 140 x 168 x 172mm; Conte\u00fado: manual, cabo micro USB, cabo auxiliar.<\/p>\n","protected":false},"excerpt":{"rendered":"<p>Especifica\u00e7\u00f5es do Produto: Pot\u00eancia de 10W; Luz colorida; Cart\u00e3o TF; Vers\u00e3o: V5.0; Bateria de L\u00edtio&#8230;<\/p>\n","protected":false},"featured_media":1842,"comment_status":"closed","ping_status":"closed","template":"","meta":{"_acf_changed":false},"class_list":["post-1397","product","type-product","status-publish","has-post-thumbnail","hentry","product_cat-caixas-de-som","pa_cores-multicolor"],"acf":[],"_links":{"self":[{"href":"https:\/\/host86.com.br\/clientes20\/kingo\/wp-json\/wp\/v2\/product\/1397","targetHints":{"allow":["GET"]}}],"collection":[{"href":"https:\/\/host86.com.br\/clientes20\/kingo\/wp-json\/wp\/v2\/product"}],"about":[{"href":"https:\/\/host86.com.br\/clientes20\/kingo\/wp-json\/wp\/v2\/types\/product"}],"replies":[{"embeddable":true,"href":"https:\/\/host86.com.br\/clientes20\/kingo\/wp-json\/wp\/v2\/comments?post=1397"}],"wp:featuredmedia":[{"embeddable":true,"href":"https:\/\/host86.com.br\/clientes20\/kingo\/wp-json\/wp\/v2\/media\/1842"}],"wp:attachment":[{"href":"https:\/\/host86.com.br\/clientes20\/kingo\/wp-json\/wp\/v2\/media?parent=1397"}],"curies":[{"name":"wp","href":"https:\/\/api.w.org\/{rel}","templated":true}]}}