{"id":1394,"date":"2020-03-27T15:59:10","date_gmt":"2020-03-27T18:59:10","guid":{"rendered":"http:\/\/localhost\/kingo\/produto\/caixa-de-som-bluetooth-kg-180\/"},"modified":"2020-03-27T15:59:11","modified_gmt":"2020-03-27T18:59:11","slug":"caixa-de-som-bluetooth-kg-180","status":"publish","type":"product","link":"https:\/\/host86.com.br\/clientes20\/kingo\/produto\/caixa-de-som-bluetooth-kg-180\/","title":{"rendered":"Caixa de Som Bluetooth (KG-180)"},"content":{"rendered":"<p>Caracter\u00edsticas: R\u00e1dio FM; Pot\u00eancia de 10W; Bateria de 2000mAh; Vers\u00e3o: V5.0; Entrada para cart\u00e3o TF; Carregamento via Micro USB; Dimens\u00f5es: 230 x 97 x 134mm<\/p>\n","protected":false},"excerpt":{"rendered":"<p>Caracter\u00edsticas: R\u00e1dio FM; Pot\u00eancia de 10W; Bateria de 2000mAh; Vers\u00e3o: V5.0; Entrada para cart\u00e3o TF;&#8230;<\/p>\n","protected":false},"featured_media":0,"comment_status":"closed","ping_status":"open","template":"","meta":{"_acf_changed":false},"class_list":["post-1394","product","type-product","status-publish","hentry","product_cat-caixas-de-som","pa_cores-preto"],"acf":[],"_links":{"self":[{"href":"https:\/\/host86.com.br\/clientes20\/kingo\/wp-json\/wp\/v2\/product\/1394","targetHints":{"allow":["GET"]}}],"collection":[{"href":"https:\/\/host86.com.br\/clientes20\/kingo\/wp-json\/wp\/v2\/product"}],"about":[{"href":"https:\/\/host86.com.br\/clientes20\/kingo\/wp-json\/wp\/v2\/types\/product"}],"replies":[{"embeddable":true,"href":"https:\/\/host86.com.br\/clientes20\/kingo\/wp-json\/wp\/v2\/comments?post=1394"}],"wp:attachment":[{"href":"https:\/\/host86.com.br\/clientes20\/kingo\/wp-json\/wp\/v2\/media?parent=1394"}],"curies":[{"name":"wp","href":"https:\/\/api.w.org\/{rel}","templated":true}]}}