{"id":1393,"date":"2020-03-27T15:59:10","date_gmt":"2020-03-27T18:59:10","guid":{"rendered":"http:\/\/localhost\/kingo\/produto\/caixa-de-som-com-bluetooth-kg-012\/"},"modified":"2020-03-31T15:26:32","modified_gmt":"2020-03-31T18:26:32","slug":"caixa-de-som-com-bluetooth-kg-012","status":"publish","type":"product","link":"https:\/\/host86.com.br\/clientes20\/kingo\/produto\/caixa-de-som-com-bluetooth-kg-012\/","title":{"rendered":"Caixa de Som com Bluetooth (KG-012)"},"content":{"rendered":"<p>Especifica\u00e7\u00f5es: Vers\u00e3o: 4.2; Dist\u00e2ncia: 10m; Voltagem: DC5V; Tempo de Carga: 2 Horas; Alto Falante: 4\u03a9 3W; Resposta de Frequ\u00eancia: 120Hz &#8211; 18KHz; Peso: 186g<\/p>\n","protected":false},"excerpt":{"rendered":"<p>Especifica\u00e7\u00f5es: Vers\u00e3o: 4.2; Dist\u00e2ncia: 10m; Voltagem: DC5V; Tempo de Carga: 2 Horas; Alto Falante: 4\u03a9&#8230;<\/p>\n","protected":false},"featured_media":0,"comment_status":"closed","ping_status":"closed","template":"","meta":{"_acf_changed":false},"class_list":["post-1393","product","type-product","status-publish","hentry","product_cat-caixas-de-som","pa_cores-branco","pa_cores-fume","pa_cores-preto","pa_cores-vermelho"],"acf":[],"_links":{"self":[{"href":"https:\/\/host86.com.br\/clientes20\/kingo\/wp-json\/wp\/v2\/product\/1393","targetHints":{"allow":["GET"]}}],"collection":[{"href":"https:\/\/host86.com.br\/clientes20\/kingo\/wp-json\/wp\/v2\/product"}],"about":[{"href":"https:\/\/host86.com.br\/clientes20\/kingo\/wp-json\/wp\/v2\/types\/product"}],"replies":[{"embeddable":true,"href":"https:\/\/host86.com.br\/clientes20\/kingo\/wp-json\/wp\/v2\/comments?post=1393"}],"wp:attachment":[{"href":"https:\/\/host86.com.br\/clientes20\/kingo\/wp-json\/wp\/v2\/media?parent=1393"}],"curies":[{"name":"wp","href":"https:\/\/api.w.org\/{rel}","templated":true}]}}