{"id":1392,"date":"2020-03-27T15:59:10","date_gmt":"2020-03-27T18:59:10","guid":{"rendered":"http:\/\/localhost\/kingo\/produto\/caixa-de-som-bluetooth-com-suporte-kg-011\/"},"modified":"2020-03-31T15:30:21","modified_gmt":"2020-03-31T18:30:21","slug":"caixa-de-som-bluetooth-com-suporte-kg-011","status":"publish","type":"product","link":"https:\/\/host86.com.br\/clientes20\/kingo\/produto\/caixa-de-som-bluetooth-com-suporte-kg-011\/","title":{"rendered":"Caixa de Som Bluetooth com Suporte (KG-011)"},"content":{"rendered":"<p>Especifica\u00e7\u00f5es: Vers\u00e3o: V4.2; Dist\u00e2ncia: 10m; Resposta de Frequ\u00eancia: 100Hz &#8211; 20KHz; Sensibilidade: 80dB + \/ &#8211; 2dB; Alto Falante: 4\u03a9 5W x 2 \u03a666mm; Bateria: 3.7V 600mAh.<\/p>\n","protected":false},"excerpt":{"rendered":"<p>Especifica\u00e7\u00f5es: Vers\u00e3o: V4.2; Dist\u00e2ncia: 10m; Resposta de Frequ\u00eancia: 100Hz &#8211; 20KHz; Sensibilidade: 80dB + \/&#8230;<\/p>\n","protected":false},"featured_media":0,"comment_status":"closed","ping_status":"closed","template":"","meta":{"_acf_changed":false},"class_list":["post-1392","product","type-product","status-publish","hentry","product_cat-caixas-de-som","pa_cores-azul","pa_cores-prata","pa_cores-preto","pa_cores-vermelho"],"acf":[],"_links":{"self":[{"href":"https:\/\/host86.com.br\/clientes20\/kingo\/wp-json\/wp\/v2\/product\/1392","targetHints":{"allow":["GET"]}}],"collection":[{"href":"https:\/\/host86.com.br\/clientes20\/kingo\/wp-json\/wp\/v2\/product"}],"about":[{"href":"https:\/\/host86.com.br\/clientes20\/kingo\/wp-json\/wp\/v2\/types\/product"}],"replies":[{"embeddable":true,"href":"https:\/\/host86.com.br\/clientes20\/kingo\/wp-json\/wp\/v2\/comments?post=1392"}],"wp:attachment":[{"href":"https:\/\/host86.com.br\/clientes20\/kingo\/wp-json\/wp\/v2\/media?parent=1392"}],"curies":[{"name":"wp","href":"https:\/\/api.w.org\/{rel}","templated":true}]}}