{"id":1391,"date":"2020-03-27T15:58:59","date_gmt":"2020-03-27T18:58:59","guid":{"rendered":"http:\/\/localhost\/kingo\/produto\/caixa-de-som-bluetooth-kg-010\/"},"modified":"2020-03-31T15:32:58","modified_gmt":"2020-03-31T18:32:58","slug":"caixa-de-som-bluetooth-kg-010","status":"publish","type":"product","link":"https:\/\/host86.com.br\/clientes20\/kingo\/produto\/caixa-de-som-bluetooth-kg-010\/","title":{"rendered":"Caixa de Som Bluetooth (KG-010)"},"content":{"rendered":"<p>Especifica\u00e7\u00f5es: Para Smartphone, Tablet, Computador e fun\u00e7\u00e3o MP3; Sem fio; Cart\u00e3o Micro SD; Pen drive; Entrada de cabo auxiliar; Viva Voz; R\u00e1dio FM; Cart\u00e3o TF.<\/p>\n","protected":false},"excerpt":{"rendered":"<p>Especifica\u00e7\u00f5es: Para Smartphone, Tablet, Computador e fun\u00e7\u00e3o MP3; Sem fio; Cart\u00e3o Micro SD; Pen drive;&#8230;<\/p>\n","protected":false},"featured_media":0,"comment_status":"closed","ping_status":"closed","template":"","meta":{"_acf_changed":false},"class_list":["post-1391","product","type-product","status-publish","hentry","product_cat-caixas-de-som","pa_cores-azul","pa_cores-preto","pa_cores-vermelho"],"acf":[],"_links":{"self":[{"href":"https:\/\/host86.com.br\/clientes20\/kingo\/wp-json\/wp\/v2\/product\/1391","targetHints":{"allow":["GET"]}}],"collection":[{"href":"https:\/\/host86.com.br\/clientes20\/kingo\/wp-json\/wp\/v2\/product"}],"about":[{"href":"https:\/\/host86.com.br\/clientes20\/kingo\/wp-json\/wp\/v2\/types\/product"}],"replies":[{"embeddable":true,"href":"https:\/\/host86.com.br\/clientes20\/kingo\/wp-json\/wp\/v2\/comments?post=1391"}],"wp:attachment":[{"href":"https:\/\/host86.com.br\/clientes20\/kingo\/wp-json\/wp\/v2\/media?parent=1391"}],"curies":[{"name":"wp","href":"https:\/\/api.w.org\/{rel}","templated":true}]}}