{"id":1389,"date":"2020-03-27T15:58:59","date_gmt":"2020-03-27T18:58:59","guid":{"rendered":"http:\/\/localhost\/kingo\/produto\/fone-de-ouvido-ex115-pacote-com-10-pecas\/"},"modified":"2020-03-27T15:59:06","modified_gmt":"2020-03-27T18:59:06","slug":"fone-de-ouvido-ex115-pacote-com-10-pecas","status":"publish","type":"product","link":"https:\/\/host86.com.br\/clientes20\/kingo\/produto\/fone-de-ouvido-ex115-pacote-com-10-pecas\/","title":{"rendered":"Fone de Ouvido ex115 &#8211; Pacote Com 10 Pe\u00e7as"},"content":{"rendered":"<p>Extrema Clareza, Graves profundos e Poderosos! O Fone de Ouvido EX115 \u00e9 projetado para reproduzir com precis\u00e3o, vocais claros e naturais, agudos detalhados e graves profundos sem distor\u00e7\u00e3o, com fio e cabo de alta performance e com um design diferente.<\/p>\n","protected":false},"excerpt":{"rendered":"<p>Extrema Clareza, Graves profundos e Poderosos! O Fone de Ouvido EX115 \u00e9 projetado para reproduzir&#8230;<\/p>\n","protected":false},"featured_media":0,"comment_status":"closed","ping_status":"open","template":"","meta":{"_acf_changed":false},"class_list":["post-1389","product","type-product","status-publish","hentry","product_cat-fone-com-fio-p2-fones","product_cat-fones","pa_cores-preto"],"acf":[],"_links":{"self":[{"href":"https:\/\/host86.com.br\/clientes20\/kingo\/wp-json\/wp\/v2\/product\/1389","targetHints":{"allow":["GET"]}}],"collection":[{"href":"https:\/\/host86.com.br\/clientes20\/kingo\/wp-json\/wp\/v2\/product"}],"about":[{"href":"https:\/\/host86.com.br\/clientes20\/kingo\/wp-json\/wp\/v2\/types\/product"}],"replies":[{"embeddable":true,"href":"https:\/\/host86.com.br\/clientes20\/kingo\/wp-json\/wp\/v2\/comments?post=1389"}],"wp:attachment":[{"href":"https:\/\/host86.com.br\/clientes20\/kingo\/wp-json\/wp\/v2\/media?parent=1389"}],"curies":[{"name":"wp","href":"https:\/\/api.w.org\/{rel}","templated":true}]}}