{"id":1388,"date":"2020-03-27T15:58:59","date_gmt":"2020-03-27T18:58:59","guid":{"rendered":"http:\/\/localhost\/kingo\/produto\/fone-com-bluetooth-kg-1320\/"},"modified":"2020-03-27T15:59:05","modified_gmt":"2020-03-27T18:59:05","slug":"fone-com-bluetooth-kg-1320","status":"publish","type":"product","link":"https:\/\/host86.com.br\/clientes20\/kingo\/produto\/fone-com-bluetooth-kg-1320\/","title":{"rendered":"Fone com Bluetooth (Kg-1320)"},"content":{"rendered":"<p>Especifica\u00e7\u00f5es: Vers\u00e3o: V4.2; Dist\u00e2ncia: 10 metros; Tempo de Conversa\u00e7\u00e3o: aproximadamente 2,5 horas; Tempo para Carregamento: aproximadamente 2 horas; Frequ\u00eancia: 20Hz &#8211; 20KHz<\/p>\n","protected":false},"excerpt":{"rendered":"<p>Especifica\u00e7\u00f5es: Vers\u00e3o: V4.2; Dist\u00e2ncia: 10 metros; Tempo de Conversa\u00e7\u00e3o: aproximadamente 2,5 horas; Tempo para Carregamento:&#8230;<\/p>\n","protected":false},"featured_media":0,"comment_status":"closed","ping_status":"open","template":"","meta":{"_acf_changed":false},"class_list":["post-1388","product","type-product","status-publish","hentry","product_cat-fone-bluetooth","product_cat-fones","pa_cores-preto"],"acf":[],"_links":{"self":[{"href":"https:\/\/host86.com.br\/clientes20\/kingo\/wp-json\/wp\/v2\/product\/1388","targetHints":{"allow":["GET"]}}],"collection":[{"href":"https:\/\/host86.com.br\/clientes20\/kingo\/wp-json\/wp\/v2\/product"}],"about":[{"href":"https:\/\/host86.com.br\/clientes20\/kingo\/wp-json\/wp\/v2\/types\/product"}],"replies":[{"embeddable":true,"href":"https:\/\/host86.com.br\/clientes20\/kingo\/wp-json\/wp\/v2\/comments?post=1388"}],"wp:attachment":[{"href":"https:\/\/host86.com.br\/clientes20\/kingo\/wp-json\/wp\/v2\/media?parent=1388"}],"curies":[{"name":"wp","href":"https:\/\/api.w.org\/{rel}","templated":true}]}}