{"id":1386,"date":"2020-03-27T15:58:59","date_gmt":"2020-03-27T18:58:59","guid":{"rendered":"http:\/\/localhost\/kingo\/produto\/fone-de-ouvido-sem-fio-esportivo-t-202\/"},"modified":"2020-04-01T12:46:38","modified_gmt":"2020-04-01T15:46:38","slug":"fone-de-ouvido-sem-fio-esportivo-t-202","status":"publish","type":"product","link":"https:\/\/host86.com.br\/clientes20\/kingo\/produto\/fone-de-ouvido-sem-fio-esportivo-t-202\/","title":{"rendered":"Fone de Ouvido sem Fio Esportivo (T-202)"},"content":{"rendered":"<p>Caracter\u00edsticas: Tecnologia TWS; Bateria Recarreg\u00e1vel; Vers\u00e3o Bluetooth: V5.0; Bateria: 380mAh; Tempo de Carregamento: Aproximadamente 2 horas; Tempo de Reprodu\u00e7\u00e3o: Aproximadamente: 2,5 horas; Tempo de Stand-by: Aproximadamente 70 horas; Entrada pra Carregamento: 5V \/ 300mAh.<\/p>\n","protected":false},"excerpt":{"rendered":"<p>Caracter\u00edsticas: Tecnologia TWS; Bateria Recarreg\u00e1vel; Vers\u00e3o Bluetooth: V5.0; Bateria: 380mAh; Tempo de Carregamento: Aproximadamente 2&#8230;<\/p>\n","protected":false},"featured_media":1888,"comment_status":"closed","ping_status":"closed","template":"","meta":{"_acf_changed":false},"class_list":["post-1386","product","type-product","status-publish","has-post-thumbnail","hentry","product_cat-fone-bluetooth","product_cat-fones","pa_cores-preto"],"acf":[],"_links":{"self":[{"href":"https:\/\/host86.com.br\/clientes20\/kingo\/wp-json\/wp\/v2\/product\/1386","targetHints":{"allow":["GET"]}}],"collection":[{"href":"https:\/\/host86.com.br\/clientes20\/kingo\/wp-json\/wp\/v2\/product"}],"about":[{"href":"https:\/\/host86.com.br\/clientes20\/kingo\/wp-json\/wp\/v2\/types\/product"}],"replies":[{"embeddable":true,"href":"https:\/\/host86.com.br\/clientes20\/kingo\/wp-json\/wp\/v2\/comments?post=1386"}],"wp:featuredmedia":[{"embeddable":true,"href":"https:\/\/host86.com.br\/clientes20\/kingo\/wp-json\/wp\/v2\/media\/1888"}],"wp:attachment":[{"href":"https:\/\/host86.com.br\/clientes20\/kingo\/wp-json\/wp\/v2\/media?parent=1386"}],"curies":[{"name":"wp","href":"https:\/\/api.w.org\/{rel}","templated":true}]}}