{"id":1384,"date":"2020-03-27T15:58:59","date_gmt":"2020-03-27T18:58:59","guid":{"rendered":"http:\/\/localhost\/kingo\/produto\/fone-de-ouvido-bluetooth-air-tube-yd-02\/"},"modified":"2020-04-01T12:38:51","modified_gmt":"2020-04-01T15:38:51","slug":"fone-de-ouvido-bluetooth-air-tube-yd-02","status":"publish","type":"product","link":"https:\/\/host86.com.br\/clientes20\/kingo\/produto\/fone-de-ouvido-bluetooth-air-tube-yd-02\/","title":{"rendered":"Fone de Ouvido Bluetooth Air Tube (YD-02)"},"content":{"rendered":"<p><!--more--><\/p>\n<p>Caracter\u00edsticas: Bateria: Pol\u00edmero de L\u00edtio; Vers\u00e3o: 5.0; Voltagem: 3,2 &#8211; 4,2V; Faixa de Frequ\u00eancia: 20 &#8211; 20KHz; Sensibilidade: 42 \u00b1 2dB; Dura\u00e7\u00e3o da Bateria: Aprox. 20 Horas; Tempo de Stand By: Aprox. 200 Horas; Corrente para Carregamento: 100mA; Tens\u00e3o de Carregamento: 5V<\/p>\n","protected":false},"excerpt":{"rendered":"","protected":false},"featured_media":0,"comment_status":"closed","ping_status":"closed","template":"","meta":{"_acf_changed":false},"class_list":["post-1384","product","type-product","status-publish","hentry","product_cat-fone-bluetooth","product_cat-fones","pa_cores-fume","pa_cores-preto","pa_cores-vermelho"],"acf":[],"_links":{"self":[{"href":"https:\/\/host86.com.br\/clientes20\/kingo\/wp-json\/wp\/v2\/product\/1384","targetHints":{"allow":["GET"]}}],"collection":[{"href":"https:\/\/host86.com.br\/clientes20\/kingo\/wp-json\/wp\/v2\/product"}],"about":[{"href":"https:\/\/host86.com.br\/clientes20\/kingo\/wp-json\/wp\/v2\/types\/product"}],"replies":[{"embeddable":true,"href":"https:\/\/host86.com.br\/clientes20\/kingo\/wp-json\/wp\/v2\/comments?post=1384"}],"wp:attachment":[{"href":"https:\/\/host86.com.br\/clientes20\/kingo\/wp-json\/wp\/v2\/media?parent=1384"}],"curies":[{"name":"wp","href":"https:\/\/api.w.org\/{rel}","templated":true}]}}