{"id":1382,"date":"2020-03-27T15:58:59","date_gmt":"2020-03-27T18:58:59","guid":{"rendered":"http:\/\/localhost\/kingo\/produto\/fone-de-ouvido-esportivo-com-bluetooth-dy-303\/"},"modified":"2020-04-01T12:43:45","modified_gmt":"2020-04-01T15:43:45","slug":"fone-de-ouvido-esportivo-com-bluetooth-dy-303","status":"publish","type":"product","link":"https:\/\/host86.com.br\/clientes20\/kingo\/produto\/fone-de-ouvido-esportivo-com-bluetooth-dy-303\/","title":{"rendered":"Fone de Ouvido Esportivo com Bluetooth (DY-303)"},"content":{"rendered":"<p>Caracter\u00edsticas: Controle de tr\u00eas bot\u00f5es; A prova de suor; Dist\u00e2ncia: 10 metros; Vers\u00e3o: V5.0; Tempo de carregamento: Aproximadamente 2 horas; Tempo de Reprodu\u00e7\u00e3o: Aproximadamente 8 horas; Tempo de Stand-by: Aproximadamente 128 horas; Entrada de Carregamento: 5V \/ 100mA<\/p>\n","protected":false},"excerpt":{"rendered":"<p>Caracter\u00edsticas: Controle de tr\u00eas bot\u00f5es; A prova de suor; Dist\u00e2ncia: 10 metros; Vers\u00e3o: V5.0; Tempo&#8230;<\/p>\n","protected":false},"featured_media":1880,"comment_status":"closed","ping_status":"closed","template":"","meta":{"_acf_changed":false},"class_list":["post-1382","product","type-product","status-publish","has-post-thumbnail","hentry","product_cat-fone-bluetooth","product_cat-fones","pa_cores-preto"],"acf":[],"_links":{"self":[{"href":"https:\/\/host86.com.br\/clientes20\/kingo\/wp-json\/wp\/v2\/product\/1382","targetHints":{"allow":["GET"]}}],"collection":[{"href":"https:\/\/host86.com.br\/clientes20\/kingo\/wp-json\/wp\/v2\/product"}],"about":[{"href":"https:\/\/host86.com.br\/clientes20\/kingo\/wp-json\/wp\/v2\/types\/product"}],"replies":[{"embeddable":true,"href":"https:\/\/host86.com.br\/clientes20\/kingo\/wp-json\/wp\/v2\/comments?post=1382"}],"wp:featuredmedia":[{"embeddable":true,"href":"https:\/\/host86.com.br\/clientes20\/kingo\/wp-json\/wp\/v2\/media\/1880"}],"wp:attachment":[{"href":"https:\/\/host86.com.br\/clientes20\/kingo\/wp-json\/wp\/v2\/media?parent=1382"}],"curies":[{"name":"wp","href":"https:\/\/api.w.org\/{rel}","templated":true}]}}