{"id":1380,"date":"2020-03-27T15:58:59","date_gmt":"2020-03-27T18:58:59","guid":{"rendered":"http:\/\/localhost\/kingo\/produto\/bluedio-t2-plus\/"},"modified":"2020-03-27T15:59:02","modified_gmt":"2020-03-27T18:59:02","slug":"bluedio-t2-plus","status":"publish","type":"product","link":"https:\/\/host86.com.br\/clientes20\/kingo\/produto\/bluedio-t2-plus\/","title":{"rendered":"Bluedio T2 Plus"},"content":{"rendered":"<p>Caracter\u00edsticas: Marca: Bluedio; Especifica\u00e7\u00f5es: Conectividade: Bluetooth 4.1; Recursos: R\u00e1dio FM, Suporte Micro SD; Tamanho: 16,5*17*8 cm; Peso: 0,483kg; Cor: Preto; Som: Frequ\u00eancia: 20-20kHz; Imped\u00e2ncia: 16Ohms; Di\u00e2metro da caixa ac\u00fastica: 57mm; Sensibilidade: 110dB; Sistema ac\u00fastico: Fechado; Lig. Deslig; Tipo de bateria: Pol\u00edmero de l\u00edtio; Tempo de reprodu\u00e7\u00e3o de m\u00fasicas: 40hs; Tempo de conversa: 45hs; Tempo de espera: at\u00e9 1625hs; Conectividade: Conex\u00f5es de \u00e1udio: 3,5mm; Perfis Bluetooth: AVRCP, HFP, A2DP, HSP; Faixa m\u00e1xima: 10m; Gerenciamento de chamadas: Atender\/encerrar chamada; Recusar chamada; Microfone mudo; Chamada em espera; Alterne entre chamadas e m\u00fasicas; Controle de volume; Conte\u00fado da Embalagem: 1 Headphone Bluetooth ; 1 Cabo de \u00e1udio de 1,2m; 1 Guia de in\u00edcio r\u00e1pido; 1 Cabo USB para recarga<\/p>\n","protected":false},"excerpt":{"rendered":"<p>Caracter\u00edsticas: Marca: Bluedio; Especifica\u00e7\u00f5es: Conectividade: Bluetooth 4.1; Recursos: R\u00e1dio FM, Suporte Micro SD; Tamanho: 16,5*17*8&#8230;<\/p>\n","protected":false},"featured_media":0,"comment_status":"closed","ping_status":"open","template":"","meta":{"_acf_changed":false},"class_list":["post-1380","product","type-product","status-publish","hentry","product_cat-fone-bluetooth","product_cat-fones","pa_cores-preto"],"acf":[],"_links":{"self":[{"href":"https:\/\/host86.com.br\/clientes20\/kingo\/wp-json\/wp\/v2\/product\/1380","targetHints":{"allow":["GET"]}}],"collection":[{"href":"https:\/\/host86.com.br\/clientes20\/kingo\/wp-json\/wp\/v2\/product"}],"about":[{"href":"https:\/\/host86.com.br\/clientes20\/kingo\/wp-json\/wp\/v2\/types\/product"}],"replies":[{"embeddable":true,"href":"https:\/\/host86.com.br\/clientes20\/kingo\/wp-json\/wp\/v2\/comments?post=1380"}],"wp:attachment":[{"href":"https:\/\/host86.com.br\/clientes20\/kingo\/wp-json\/wp\/v2\/media?parent=1380"}],"curies":[{"name":"wp","href":"https:\/\/api.w.org\/{rel}","templated":true}]}}