{"id":1379,"date":"2020-03-27T15:58:59","date_gmt":"2020-03-27T18:58:59","guid":{"rendered":"http:\/\/localhost\/kingo\/produto\/fone-com-volume-type-c-s90\/"},"modified":"2020-03-27T15:59:02","modified_gmt":"2020-03-27T18:59:02","slug":"fone-com-volume-type-c-s90","status":"publish","type":"product","link":"https:\/\/host86.com.br\/clientes20\/kingo\/produto\/fone-com-volume-type-c-s90\/","title":{"rendered":"Fone com Volume Type C (S90)"},"content":{"rendered":"<p>Informa\u00e7\u00f5es do Produto: Compat\u00edvel com os modelos de celulares com sa\u00edda Type C; Microfone embutido, bot\u00e3o de atender e desligar; Fone com ajuste de volume no controle; Som em alta defini\u00e7\u00e3o.<\/p>\n","protected":false},"excerpt":{"rendered":"<p>Informa\u00e7\u00f5es do Produto: Compat\u00edvel com os modelos de celulares com sa\u00edda Type C; Microfone embutido,&#8230;<\/p>\n","protected":false},"featured_media":0,"comment_status":"closed","ping_status":"open","template":"","meta":{"_acf_changed":false},"class_list":["post-1379","product","type-product","status-publish","hentry","product_cat-fone-com-fio-p2-fones","product_cat-fones","pa_cores-branco","pa_cores-preto"],"acf":[],"_links":{"self":[{"href":"https:\/\/host86.com.br\/clientes20\/kingo\/wp-json\/wp\/v2\/product\/1379","targetHints":{"allow":["GET"]}}],"collection":[{"href":"https:\/\/host86.com.br\/clientes20\/kingo\/wp-json\/wp\/v2\/product"}],"about":[{"href":"https:\/\/host86.com.br\/clientes20\/kingo\/wp-json\/wp\/v2\/types\/product"}],"replies":[{"embeddable":true,"href":"https:\/\/host86.com.br\/clientes20\/kingo\/wp-json\/wp\/v2\/comments?post=1379"}],"wp:attachment":[{"href":"https:\/\/host86.com.br\/clientes20\/kingo\/wp-json\/wp\/v2\/media?parent=1379"}],"curies":[{"name":"wp","href":"https:\/\/api.w.org\/{rel}","templated":true}]}}