{"id":1378,"date":"2020-03-27T15:58:59","date_gmt":"2020-03-27T18:58:59","guid":{"rendered":"http:\/\/localhost\/kingo\/produto\/fone-de-ouvido-com-fio-s9\/"},"modified":"2020-03-27T15:59:01","modified_gmt":"2020-03-27T18:59:01","slug":"fone-de-ouvido-com-fio-s9","status":"publish","type":"product","link":"https:\/\/host86.com.br\/clientes20\/kingo\/produto\/fone-de-ouvido-com-fio-s9\/","title":{"rendered":"Fone de Ouvido com Fio S9"},"content":{"rendered":"<p>Caracter\u00edsticas: Compat\u00edvel com Andoid e IOS; Microfone embutido com bot\u00e3o de atender e desligar; Ajuste de volume; Fio com revestimento de alta qualidade.<\/p>\n","protected":false},"excerpt":{"rendered":"<p>Caracter\u00edsticas: Compat\u00edvel com Andoid e IOS; Microfone embutido com bot\u00e3o de atender e desligar; Ajuste&#8230;<\/p>\n","protected":false},"featured_media":0,"comment_status":"closed","ping_status":"open","template":"","meta":{"_acf_changed":false},"class_list":["post-1378","product","type-product","status-publish","hentry","product_cat-fone-com-fio-p2-fones","product_cat-fones","pa_cores-branco","pa_cores-preto"],"acf":[],"_links":{"self":[{"href":"https:\/\/host86.com.br\/clientes20\/kingo\/wp-json\/wp\/v2\/product\/1378","targetHints":{"allow":["GET"]}}],"collection":[{"href":"https:\/\/host86.com.br\/clientes20\/kingo\/wp-json\/wp\/v2\/product"}],"about":[{"href":"https:\/\/host86.com.br\/clientes20\/kingo\/wp-json\/wp\/v2\/types\/product"}],"replies":[{"embeddable":true,"href":"https:\/\/host86.com.br\/clientes20\/kingo\/wp-json\/wp\/v2\/comments?post=1378"}],"wp:attachment":[{"href":"https:\/\/host86.com.br\/clientes20\/kingo\/wp-json\/wp\/v2\/media?parent=1378"}],"curies":[{"name":"wp","href":"https:\/\/api.w.org\/{rel}","templated":true}]}}