{"id":1376,"date":"2020-03-27T15:58:59","date_gmt":"2020-03-27T18:58:59","guid":{"rendered":"http:\/\/localhost\/kingo\/produto\/fone-de-ouvido-para-galaxy-s4\/"},"modified":"2020-03-31T15:40:18","modified_gmt":"2020-03-31T18:40:18","slug":"fone-de-ouvido-para-galaxy-s4","status":"publish","type":"product","link":"https:\/\/host86.com.br\/clientes20\/kingo\/produto\/fone-de-ouvido-para-galaxy-s4\/","title":{"rendered":"Fone de Ouvido para Galaxy S4"},"content":{"rendered":"<p>Proporciona uma \u00f3tima qualidade de \u00e1udio, em graves e agudos, alem \u00e9 claro de possuir uma \u00f3tima ergonomia, sin\u00f4nimo de conforto ao utilizar o fone Samsung. Voc\u00ea poder\u00e1 ouvir diretamente suas musicas, radio FM, atender o celular, pois vem com microfone embutido e controle de volume; Especifica\u00e7\u00f5es: Compatibilidade: toda linha Galaxy, Tablets Samsung; Cor: Preto, Branco; Conte\u00fado da embalagem: 1 Fone de Ouvido; Informa\u00e7\u00f5es adicionais: Encaixe de silicone para maior conforto; Som st\u00e9reo; Microfone embutido; Controle de volume e atendimento de chamadas; Acabamento Cromado; Ouvi musica MP3 do aparelho e Radio FM<\/p>\n","protected":false},"excerpt":{"rendered":"<p>Proporciona uma \u00f3tima qualidade de \u00e1udio, em graves e agudos, alem \u00e9 claro de possuir&#8230;<\/p>\n","protected":false},"featured_media":0,"comment_status":"closed","ping_status":"closed","template":"","meta":{"_acf_changed":false},"class_list":["post-1376","product","type-product","status-publish","hentry","product_cat-fone-com-fio-p2-fones","product_cat-fones","pa_cores-branco","pa_cores-preto"],"acf":[],"_links":{"self":[{"href":"https:\/\/host86.com.br\/clientes20\/kingo\/wp-json\/wp\/v2\/product\/1376","targetHints":{"allow":["GET"]}}],"collection":[{"href":"https:\/\/host86.com.br\/clientes20\/kingo\/wp-json\/wp\/v2\/product"}],"about":[{"href":"https:\/\/host86.com.br\/clientes20\/kingo\/wp-json\/wp\/v2\/types\/product"}],"replies":[{"embeddable":true,"href":"https:\/\/host86.com.br\/clientes20\/kingo\/wp-json\/wp\/v2\/comments?post=1376"}],"wp:attachment":[{"href":"https:\/\/host86.com.br\/clientes20\/kingo\/wp-json\/wp\/v2\/media?parent=1376"}],"curies":[{"name":"wp","href":"https:\/\/api.w.org\/{rel}","templated":true}]}}