{"id":1374,"date":"2020-03-27T15:58:59","date_gmt":"2020-03-27T18:58:59","guid":{"rendered":"http:\/\/localhost\/kingo\/produto\/fone-de-ouvido-para-iphone-5\/"},"modified":"2020-03-27T15:59:00","modified_gmt":"2020-03-27T18:59:00","slug":"fone-de-ouvido-para-iphone-5","status":"publish","type":"product","link":"https:\/\/host86.com.br\/clientes20\/kingo\/produto\/fone-de-ouvido-para-iphone-5\/","title":{"rendered":"Fone de Ouvido para iPhone 5"},"content":{"rendered":"<p>Ou\u00e7a suas m\u00fasicas com excelente qualidade de \u00e1udio, fone de ouvido intra-auricular possui isolamento ac\u00fastico, voc\u00ea ainda pode atender e finalizar chamadas, quando utilizado com o iPhone, mais conforto para o seu dia a dia e aumente a sua divers\u00e3o; Caracter\u00edsticas: Marca: KinGo; Especifica\u00e7\u00f5es: Comprimento do cabo: 100mm; Cor: Branco; Compatibilidade: iPhone 3G \/ 3Gs, iPhone 4 \/ 4s, iPhone 5 \/ 5c \/ 5s, iPhone 6 \/ 6s, iPhone 6 Plus \/ 6s Plus; Conte\u00fado da embalagem: 1 Fone de Ouvido com Controle Remoto e Microfone<\/p>\n","protected":false},"excerpt":{"rendered":"<p>Ou\u00e7a suas m\u00fasicas com excelente qualidade de \u00e1udio, fone de ouvido intra-auricular possui isolamento ac\u00fastico,&#8230;<\/p>\n","protected":false},"featured_media":0,"comment_status":"closed","ping_status":"open","template":"","meta":{"_acf_changed":false},"class_list":["post-1374","product","type-product","status-publish","hentry","product_cat-fone-com-fio-p2-fones","product_cat-fones","pa_cores-branco"],"acf":[],"_links":{"self":[{"href":"https:\/\/host86.com.br\/clientes20\/kingo\/wp-json\/wp\/v2\/product\/1374","targetHints":{"allow":["GET"]}}],"collection":[{"href":"https:\/\/host86.com.br\/clientes20\/kingo\/wp-json\/wp\/v2\/product"}],"about":[{"href":"https:\/\/host86.com.br\/clientes20\/kingo\/wp-json\/wp\/v2\/types\/product"}],"replies":[{"embeddable":true,"href":"https:\/\/host86.com.br\/clientes20\/kingo\/wp-json\/wp\/v2\/comments?post=1374"}],"wp:attachment":[{"href":"https:\/\/host86.com.br\/clientes20\/kingo\/wp-json\/wp\/v2\/media?parent=1374"}],"curies":[{"name":"wp","href":"https:\/\/api.w.org\/{rel}","templated":true}]}}