{"id":1373,"date":"2020-03-27T15:58:59","date_gmt":"2020-03-27T18:58:59","guid":{"rendered":"http:\/\/localhost\/kingo\/produto\/earphone-sp90\/"},"modified":"2020-03-31T15:38:20","modified_gmt":"2020-03-31T18:38:20","slug":"earphone-sp90","status":"publish","type":"product","link":"https:\/\/host86.com.br\/clientes20\/kingo\/produto\/earphone-sp90\/","title":{"rendered":"Earphone SP90"},"content":{"rendered":"<p>Impedance: 16\u03a9; Sensibilidade: 103.5\u00b13dB; Pot\u00eancia m\u00e1xima de entrada: 50mW; Resposta de Freq\u00fc\u00eancia: 20-10KHZ; Tamanho do driver: 10.65mm; Microfone: Sim; Bot\u00e3o de Volume: N\u00e3o; Cabo: 1.2M cabo redondo; Plugue: 3.5mm<\/p>\n","protected":false},"excerpt":{"rendered":"<p>Impedance: 16\u03a9; Sensibilidade: 103.5\u00b13dB; Pot\u00eancia m\u00e1xima de entrada: 50mW; Resposta de Freq\u00fc\u00eancia: 20-10KHZ; Tamanho do&#8230;<\/p>\n","protected":false},"featured_media":0,"comment_status":"closed","ping_status":"closed","template":"","meta":{"_acf_changed":false},"class_list":["post-1373","product","type-product","status-publish","hentry","product_cat-fone-com-fio-p2-fones","product_cat-fones","pa_cores-azul","pa_cores-preto"],"acf":[],"_links":{"self":[{"href":"https:\/\/host86.com.br\/clientes20\/kingo\/wp-json\/wp\/v2\/product\/1373","targetHints":{"allow":["GET"]}}],"collection":[{"href":"https:\/\/host86.com.br\/clientes20\/kingo\/wp-json\/wp\/v2\/product"}],"about":[{"href":"https:\/\/host86.com.br\/clientes20\/kingo\/wp-json\/wp\/v2\/types\/product"}],"replies":[{"embeddable":true,"href":"https:\/\/host86.com.br\/clientes20\/kingo\/wp-json\/wp\/v2\/comments?post=1373"}],"wp:attachment":[{"href":"https:\/\/host86.com.br\/clientes20\/kingo\/wp-json\/wp\/v2\/media?parent=1373"}],"curies":[{"name":"wp","href":"https:\/\/api.w.org\/{rel}","templated":true}]}}