{"id":1369,"date":"2020-03-27T15:58:46","date_gmt":"2020-03-27T18:58:46","guid":{"rendered":"http:\/\/localhost\/kingo\/produto\/earphone-m302\/"},"modified":"2020-03-31T15:51:30","modified_gmt":"2020-03-31T18:51:30","slug":"earphone-m302","status":"publish","type":"product","link":"https:\/\/host86.com.br\/clientes20\/kingo\/produto\/earphone-m302\/","title":{"rendered":"Earphone M302"},"content":{"rendered":"<p>Impedance: 16\u00b115%; Sensibilidade: 112dB\u00b13dB; Resposta de Freq\u00fc\u00eancia: 20-20000KHZ; Conector: 3.5mm; Cabo: 1.2m; Microfone: Embutido, bot\u00e3o de atender e desligar.<\/p>\n","protected":false},"excerpt":{"rendered":"<p>Impedance: 16\u00b115%; Sensibilidade: 112dB\u00b13dB; Resposta de Freq\u00fc\u00eancia: 20-20000KHZ; Conector: 3.5mm; Cabo: 1.2m; Microfone: Embutido, bot\u00e3o&#8230;<\/p>\n","protected":false},"featured_media":0,"comment_status":"closed","ping_status":"open","template":"","meta":{"_acf_changed":false},"class_list":["post-1369","product","type-product","status-publish","hentry","product_cat-fone-com-fio-p2-fones","product_cat-fones","pa_cores-dourado","pa_cores-preto","pa_cores-vermelho"],"acf":[],"_links":{"self":[{"href":"https:\/\/host86.com.br\/clientes20\/kingo\/wp-json\/wp\/v2\/product\/1369","targetHints":{"allow":["GET"]}}],"collection":[{"href":"https:\/\/host86.com.br\/clientes20\/kingo\/wp-json\/wp\/v2\/product"}],"about":[{"href":"https:\/\/host86.com.br\/clientes20\/kingo\/wp-json\/wp\/v2\/types\/product"}],"replies":[{"embeddable":true,"href":"https:\/\/host86.com.br\/clientes20\/kingo\/wp-json\/wp\/v2\/comments?post=1369"}],"wp:attachment":[{"href":"https:\/\/host86.com.br\/clientes20\/kingo\/wp-json\/wp\/v2\/media?parent=1369"}],"curies":[{"name":"wp","href":"https:\/\/api.w.org\/{rel}","templated":true}]}}