{"id":1364,"date":"2020-03-27T15:58:46","date_gmt":"2020-03-27T18:58:46","guid":{"rendered":"http:\/\/localhost\/kingo\/produto\/fone-de-ouvido-com-bluetooth-kg-750\/"},"modified":"2020-03-27T15:58:52","modified_gmt":"2020-03-27T18:58:52","slug":"fone-de-ouvido-com-bluetooth-kg-750","status":"publish","type":"product","link":"https:\/\/host86.com.br\/clientes20\/kingo\/produto\/fone-de-ouvido-com-bluetooth-kg-750\/","title":{"rendered":"Fone de Ouvido com Bluetooth (KG-750)"},"content":{"rendered":"<p>Especifica\u00e7\u00f5es: Dist\u00e2ncia: 10m; Cart\u00e3o de Mem\u00f3ria: Sim; Alto Falante: \u03a640mm; Capacidade de Alimenta\u00e7\u00e3o: 50mW; Imped\u00e2ncia: 32\u03a9; Sensibilidade: 108dB; Resposta de Frequ\u00eancia: 50Hz &#8211; 20KHz; Tamanho do Cabo: 2.5m; Conector: 3.5mm; Canais de R\u00e1dio: 87.5 &#8211; 108MHz; Dura\u00e7\u00e3o da Bateria: 5 horas; Bateria: 500mAh<\/p>\n","protected":false},"excerpt":{"rendered":"<p>Especifica\u00e7\u00f5es: Dist\u00e2ncia: 10m; Cart\u00e3o de Mem\u00f3ria: Sim; Alto Falante: \u03a640mm; Capacidade de Alimenta\u00e7\u00e3o: 50mW; Imped\u00e2ncia:&#8230;<\/p>\n","protected":false},"featured_media":0,"comment_status":"closed","ping_status":"open","template":"","meta":{"_acf_changed":false},"class_list":["post-1364","product","type-product","status-publish","hentry","product_cat-fone-bluetooth","product_cat-fones","pa_cores-preto"],"acf":[],"_links":{"self":[{"href":"https:\/\/host86.com.br\/clientes20\/kingo\/wp-json\/wp\/v2\/product\/1364","targetHints":{"allow":["GET"]}}],"collection":[{"href":"https:\/\/host86.com.br\/clientes20\/kingo\/wp-json\/wp\/v2\/product"}],"about":[{"href":"https:\/\/host86.com.br\/clientes20\/kingo\/wp-json\/wp\/v2\/types\/product"}],"replies":[{"embeddable":true,"href":"https:\/\/host86.com.br\/clientes20\/kingo\/wp-json\/wp\/v2\/comments?post=1364"}],"wp:attachment":[{"href":"https:\/\/host86.com.br\/clientes20\/kingo\/wp-json\/wp\/v2\/media?parent=1364"}],"curies":[{"name":"wp","href":"https:\/\/api.w.org\/{rel}","templated":true}]}}