{"id":1362,"date":"2020-03-27T15:58:46","date_gmt":"2020-03-27T18:58:46","guid":{"rendered":"http:\/\/localhost\/kingo\/produto\/fone-de-ouvido-com-bluetooth-kg-550\/"},"modified":"2020-03-27T15:58:51","modified_gmt":"2020-03-27T18:58:51","slug":"fone-de-ouvido-com-bluetooth-kg-550","status":"publish","type":"product","link":"https:\/\/host86.com.br\/clientes20\/kingo\/produto\/fone-de-ouvido-com-bluetooth-kg-550\/","title":{"rendered":"Fone de Ouvido com Bluetooth (KG-550)"},"content":{"rendered":"<p>Caracter\u00edsticas: Som Est\u00e9reo; R\u00e1dio FM; Suporte para cart\u00e3o de Mem\u00f3ria; Alto falante dos fones giram at\u00e9 90\u00ba; Microfone; Bateria recarreg\u00e1vel; Bot\u00f5es de controle; Especifica\u00e7\u00f5es: Vers\u00e3o 4.2; Dura\u00e7\u00e3o da bateria (m\u00fasica\/telefone): 7-9 horas; Tempo de Espera: 120 horas; Dist\u00e2ncia: 10m.<\/p>\n","protected":false},"excerpt":{"rendered":"<p>Caracter\u00edsticas: Som Est\u00e9reo; R\u00e1dio FM; Suporte para cart\u00e3o de Mem\u00f3ria; Alto falante dos fones giram&#8230;<\/p>\n","protected":false},"featured_media":0,"comment_status":"closed","ping_status":"open","template":"","meta":{"_acf_changed":false},"class_list":["post-1362","product","type-product","status-publish","hentry","product_cat-fone-bluetooth","product_cat-fones","pa_cores-preto"],"acf":[],"_links":{"self":[{"href":"https:\/\/host86.com.br\/clientes20\/kingo\/wp-json\/wp\/v2\/product\/1362","targetHints":{"allow":["GET"]}}],"collection":[{"href":"https:\/\/host86.com.br\/clientes20\/kingo\/wp-json\/wp\/v2\/product"}],"about":[{"href":"https:\/\/host86.com.br\/clientes20\/kingo\/wp-json\/wp\/v2\/types\/product"}],"replies":[{"embeddable":true,"href":"https:\/\/host86.com.br\/clientes20\/kingo\/wp-json\/wp\/v2\/comments?post=1362"}],"wp:attachment":[{"href":"https:\/\/host86.com.br\/clientes20\/kingo\/wp-json\/wp\/v2\/media?parent=1362"}],"curies":[{"name":"wp","href":"https:\/\/api.w.org\/{rel}","templated":true}]}}