{"id":1360,"date":"2020-03-27T15:58:46","date_gmt":"2020-03-27T18:58:46","guid":{"rendered":"http:\/\/localhost\/kingo\/produto\/fone-com-bluetooth-kg105\/"},"modified":"2020-03-27T15:58:50","modified_gmt":"2020-03-27T18:58:50","slug":"fone-com-bluetooth-kg105","status":"publish","type":"product","link":"https:\/\/host86.com.br\/clientes20\/kingo\/produto\/fone-com-bluetooth-kg105\/","title":{"rendered":"Fone com Bluetooth KG105"},"content":{"rendered":"<p>Especifica\u00e7\u00f5es: Vers\u00e3o: 4.1; Dist\u00e2ncia: <=10m; Carregamento: + ou - 3 horas; Dura\u00e7\u00e3o da bateria: + ou - 4 horas; Tempo de espera: + ou - 100 horas; Peso: 300g\n<\/p>\n","protected":false},"excerpt":{"rendered":"<p>Especifica\u00e7\u00f5es: Vers\u00e3o: 4.1; Dist\u00e2ncia:<\/p>\n","protected":false},"featured_media":0,"comment_status":"closed","ping_status":"open","template":"","meta":{"_acf_changed":false},"class_list":["post-1360","product","type-product","status-publish","hentry","product_cat-fone-bluetooth","product_cat-fones","pa_cores-preto"],"acf":[],"_links":{"self":[{"href":"https:\/\/host86.com.br\/clientes20\/kingo\/wp-json\/wp\/v2\/product\/1360","targetHints":{"allow":["GET"]}}],"collection":[{"href":"https:\/\/host86.com.br\/clientes20\/kingo\/wp-json\/wp\/v2\/product"}],"about":[{"href":"https:\/\/host86.com.br\/clientes20\/kingo\/wp-json\/wp\/v2\/types\/product"}],"replies":[{"embeddable":true,"href":"https:\/\/host86.com.br\/clientes20\/kingo\/wp-json\/wp\/v2\/comments?post=1360"}],"wp:attachment":[{"href":"https:\/\/host86.com.br\/clientes20\/kingo\/wp-json\/wp\/v2\/media?parent=1360"}],"curies":[{"name":"wp","href":"https:\/\/api.w.org\/{rel}","templated":true}]}}