{"id":1353,"date":"2020-03-27T15:58:46","date_gmt":"2020-03-27T18:58:46","guid":{"rendered":"http:\/\/localhost\/kingo\/produto\/mouse-optico-usb-s230\/"},"modified":"2020-03-27T15:58:47","modified_gmt":"2020-03-27T18:58:47","slug":"mouse-optico-usb-s230","status":"publish","type":"product","link":"https:\/\/host86.com.br\/clientes20\/kingo\/produto\/mouse-optico-usb-s230\/","title":{"rendered":"Mouse \u00d3ptico USB (S230)"},"content":{"rendered":"<p>Especifica\u00e7\u00f5es: Conex\u00e3o: Com fio, via usb; Compativel com: Windows\/95\/98\/Nt\/Me\/2000\/Xp\/Vista\/Win7\/Win10; 1200 DPI<\/p>\n","protected":false},"excerpt":{"rendered":"<p>Especifica\u00e7\u00f5es: Conex\u00e3o: Com fio, via usb; Compativel com: Windows\/95\/98\/Nt\/Me\/2000\/Xp\/Vista\/Win7\/Win10; 1200 DPI<\/p>\n","protected":false},"featured_media":0,"comment_status":"closed","ping_status":"open","template":"","meta":{"_acf_changed":false},"class_list":["post-1353","product","type-product","status-publish","hentry","product_cat-informatica","pa_cores-preto"],"acf":[],"_links":{"self":[{"href":"https:\/\/host86.com.br\/clientes20\/kingo\/wp-json\/wp\/v2\/product\/1353","targetHints":{"allow":["GET"]}}],"collection":[{"href":"https:\/\/host86.com.br\/clientes20\/kingo\/wp-json\/wp\/v2\/product"}],"about":[{"href":"https:\/\/host86.com.br\/clientes20\/kingo\/wp-json\/wp\/v2\/types\/product"}],"replies":[{"embeddable":true,"href":"https:\/\/host86.com.br\/clientes20\/kingo\/wp-json\/wp\/v2\/comments?post=1353"}],"wp:attachment":[{"href":"https:\/\/host86.com.br\/clientes20\/kingo\/wp-json\/wp\/v2\/media?parent=1353"}],"curies":[{"name":"wp","href":"https:\/\/api.w.org\/{rel}","templated":true}]}}