{"id":1350,"date":"2020-03-27T15:58:34","date_gmt":"2020-03-27T18:58:34","guid":{"rendered":"http:\/\/localhost\/kingo\/produto\/teclado-mouse-sem-fio-wx-101\/"},"modified":"2020-03-27T15:58:44","modified_gmt":"2020-03-27T18:58:44","slug":"teclado-mouse-sem-fio-wx-101","status":"publish","type":"product","link":"https:\/\/host86.com.br\/clientes20\/kingo\/produto\/teclado-mouse-sem-fio-wx-101\/","title":{"rendered":"Teclado + Mouse sem Fio (WX 101)"},"content":{"rendered":"<p>Especifica\u00e7\u00f5es: Mais praticidade para o seu dia a dis com o conjunto de teclado e mouse, basta conectar o nano receptor em uma porta US e voc\u00ea utiliza o teclado e mouse sem confus\u00f5es de cabos; Caracter\u00edscas do Mouse: Mouse wireless; Micro receptor USB; Pilhas n\u00e3o inclu\u00eddas; Caracter\u00edsticas do Teclado: Tipo do teclado: Membrana; Layout ABNT2; Teclado num\u00e9rico embutido; Compat\u00edvel em todas as pataformas de notebooks e desktops; Indica\u00e7\u00e3o de baixa tens\u00e3o de l\u00e2mpada LED vermelho; Itens Inclusos: 1 teclado sem fio; 1 mouse sem fio; 1 nano receptor.<\/p>\n","protected":false},"excerpt":{"rendered":"<p>Especifica\u00e7\u00f5es: Mais praticidade para o seu dia a dis com o conjunto de teclado e&#8230;<\/p>\n","protected":false},"featured_media":0,"comment_status":"closed","ping_status":"open","template":"","meta":{"_acf_changed":false},"class_list":["post-1350","product","type-product","status-publish","hentry","product_cat-informatica","pa_cores-preto"],"acf":[],"_links":{"self":[{"href":"https:\/\/host86.com.br\/clientes20\/kingo\/wp-json\/wp\/v2\/product\/1350","targetHints":{"allow":["GET"]}}],"collection":[{"href":"https:\/\/host86.com.br\/clientes20\/kingo\/wp-json\/wp\/v2\/product"}],"about":[{"href":"https:\/\/host86.com.br\/clientes20\/kingo\/wp-json\/wp\/v2\/types\/product"}],"replies":[{"embeddable":true,"href":"https:\/\/host86.com.br\/clientes20\/kingo\/wp-json\/wp\/v2\/comments?post=1350"}],"wp:attachment":[{"href":"https:\/\/host86.com.br\/clientes20\/kingo\/wp-json\/wp\/v2\/media?parent=1350"}],"curies":[{"name":"wp","href":"https:\/\/api.w.org\/{rel}","templated":true}]}}