{"id":1348,"date":"2020-03-27T15:58:34","date_gmt":"2020-03-27T18:58:34","guid":{"rendered":"http:\/\/localhost\/kingo\/produto\/teclado-kg-302\/"},"modified":"2020-03-27T15:58:43","modified_gmt":"2020-03-27T18:58:43","slug":"teclado-kg-302","status":"publish","type":"product","link":"https:\/\/host86.com.br\/clientes20\/kingo\/produto\/teclado-kg-302\/","title":{"rendered":"Teclado (KG 302)"},"content":{"rendered":"<p>Especifica\u00e7\u00f5es do Teclado: Conex\u00e3o via USB; Teclas macias e silenciosas; Compat\u00edvel com: Windows 95\/98\/Nt\/Me\/2000\/Xp\/Vista\/Win7\/Win10.<\/p>\n","protected":false},"excerpt":{"rendered":"<p>Especifica\u00e7\u00f5es do Teclado: Conex\u00e3o via USB; Teclas macias e silenciosas; Compat\u00edvel com: Windows 95\/98\/Nt\/Me\/2000\/Xp\/Vista\/Win7\/Win10.<\/p>\n","protected":false},"featured_media":0,"comment_status":"closed","ping_status":"open","template":"","meta":{"_acf_changed":false},"class_list":["post-1348","product","type-product","status-publish","hentry","product_cat-informatica","pa_cores-preto"],"acf":[],"_links":{"self":[{"href":"https:\/\/host86.com.br\/clientes20\/kingo\/wp-json\/wp\/v2\/product\/1348","targetHints":{"allow":["GET"]}}],"collection":[{"href":"https:\/\/host86.com.br\/clientes20\/kingo\/wp-json\/wp\/v2\/product"}],"about":[{"href":"https:\/\/host86.com.br\/clientes20\/kingo\/wp-json\/wp\/v2\/types\/product"}],"replies":[{"embeddable":true,"href":"https:\/\/host86.com.br\/clientes20\/kingo\/wp-json\/wp\/v2\/comments?post=1348"}],"wp:attachment":[{"href":"https:\/\/host86.com.br\/clientes20\/kingo\/wp-json\/wp\/v2\/media?parent=1348"}],"curies":[{"name":"wp","href":"https:\/\/api.w.org\/{rel}","templated":true}]}}