{"id":1344,"date":"2020-03-27T15:58:34","date_gmt":"2020-03-27T18:58:34","guid":{"rendered":"http:\/\/localhost\/kingo\/produto\/suporte-veicular-360\/"},"modified":"2020-03-27T15:58:41","modified_gmt":"2020-03-27T18:58:41","slug":"suporte-veicular-360","status":"publish","type":"product","link":"https:\/\/host86.com.br\/clientes20\/kingo\/produto\/suporte-veicular-360\/","title":{"rendered":"Suporte Veicular 360"},"content":{"rendered":"<p>O suporte ve\u00edcular KinGo \u00e9 compativel com todos os celulares, GPS e eletronicos com at\u00e9 7cm de largura. Simplesmente o melhor suporte ve\u00edcular da atualidade. Pequeno, leve e pr\u00e1tico, este modelo foi desenvolvido para melhorar sua experi\u00eancia ao utilizar o seu celular ou smartphone dentro do ve\u00edculo. Ele pode ser colocado em qualquer tipo de sa\u00edda de ar, o acabamento \u00e9 excelente, feito com materiais de alta dura\u00e7\u00e3o e prote\u00e7\u00e3o, \u00e9 um suporte perfeito para quem procura qualidade. Especifica\u00e7\u00f5es: Tamanho: 62*40*50mm; Material: Polietileno; Compatibilidade: 3,5&#8221; a 4,7&#8221;; Cor:  Preto; Conte\u00fado da embalagem: 1 Suporte Veicular 360<\/p>\n","protected":false},"excerpt":{"rendered":"<p>O suporte ve\u00edcular KinGo \u00e9 compativel com todos os celulares, GPS e eletronicos com at\u00e9&#8230;<\/p>\n","protected":false},"featured_media":0,"comment_status":"closed","ping_status":"open","template":"","meta":{"_acf_changed":false},"class_list":["post-1344","product","type-product","status-publish","hentry","product_cat-suporte","pa_cores-preto"],"acf":[],"_links":{"self":[{"href":"https:\/\/host86.com.br\/clientes20\/kingo\/wp-json\/wp\/v2\/product\/1344","targetHints":{"allow":["GET"]}}],"collection":[{"href":"https:\/\/host86.com.br\/clientes20\/kingo\/wp-json\/wp\/v2\/product"}],"about":[{"href":"https:\/\/host86.com.br\/clientes20\/kingo\/wp-json\/wp\/v2\/types\/product"}],"replies":[{"embeddable":true,"href":"https:\/\/host86.com.br\/clientes20\/kingo\/wp-json\/wp\/v2\/comments?post=1344"}],"wp:attachment":[{"href":"https:\/\/host86.com.br\/clientes20\/kingo\/wp-json\/wp\/v2\/media?parent=1344"}],"curies":[{"name":"wp","href":"https:\/\/api.w.org\/{rel}","templated":true}]}}