{"id":1342,"date":"2020-03-27T15:58:34","date_gmt":"2020-03-27T18:58:34","guid":{"rendered":"http:\/\/localhost\/kingo\/produto\/suporte-veicular-c1\/"},"modified":"2020-03-31T16:12:29","modified_gmt":"2020-03-31T19:12:29","slug":"suporte-veicular-c1","status":"publish","type":"product","link":"https:\/\/host86.com.br\/clientes20\/kingo\/produto\/suporte-veicular-c1\/","title":{"rendered":"Suporte Veicular C1"},"content":{"rendered":"<p>O suporte veicular C1 \u00e9 pequeno, leve e pr\u00e1tico, este modelo foi desenvolvido para maior praticidade ao utilizar o seu Smartphone dentro do ve\u00edculo. O acabamento \u00e9 excelente, feito com materiais de alta dura\u00e7\u00e3o e prote\u00e7\u00e3o, \u00e9 um suporte perfeito para quem procura qualidade; Especifica\u00e7\u00f5es:Material: ABS; Compat\u00edvel para celulares de 6cm a 8cm; Cor: cinza com branco; Conte\u00fado da embalagem:cinza com branco.<\/p>\n","protected":false},"excerpt":{"rendered":"<p>O suporte veicular C1 \u00e9 pequeno, leve e pr\u00e1tico, este modelo foi desenvolvido para maior&#8230;<\/p>\n","protected":false},"featured_media":0,"comment_status":"closed","ping_status":"closed","template":"","meta":{"_acf_changed":false},"class_list":["post-1342","product","type-product","status-publish","hentry","product_cat-suporte","pa_cores-fume","pa_cores-preto"],"acf":[],"_links":{"self":[{"href":"https:\/\/host86.com.br\/clientes20\/kingo\/wp-json\/wp\/v2\/product\/1342","targetHints":{"allow":["GET"]}}],"collection":[{"href":"https:\/\/host86.com.br\/clientes20\/kingo\/wp-json\/wp\/v2\/product"}],"about":[{"href":"https:\/\/host86.com.br\/clientes20\/kingo\/wp-json\/wp\/v2\/types\/product"}],"replies":[{"embeddable":true,"href":"https:\/\/host86.com.br\/clientes20\/kingo\/wp-json\/wp\/v2\/comments?post=1342"}],"wp:attachment":[{"href":"https:\/\/host86.com.br\/clientes20\/kingo\/wp-json\/wp\/v2\/media?parent=1342"}],"curies":[{"name":"wp","href":"https:\/\/api.w.org\/{rel}","templated":true}]}}