{"id":1339,"date":"2020-03-27T15:58:34","date_gmt":"2020-03-27T18:58:34","guid":{"rendered":"http:\/\/localhost\/kingo\/produto\/suporte-s100\/"},"modified":"2020-03-27T15:58:38","modified_gmt":"2020-03-27T18:58:38","slug":"suporte-s100","status":"publish","type":"product","link":"https:\/\/host86.com.br\/clientes20\/kingo\/produto\/suporte-s100\/","title":{"rendered":"Suporte S100"},"content":{"rendered":"<p>O suporte S100 \u00e9 pequeno, leve e pr\u00e1tico, este modelo foi desenvolvido para maior praticidade ao utilizar o seu Smartphone dentro do ve\u00edculo. O acabamento \u00e9 excelente, feito com materiais de alta dura\u00e7\u00e3o e prote\u00e7\u00e3o, \u00e9 um suporte perfeito para quem procura qualidade. Especifica\u00e7\u00f5es: Material: P\u00e1stico; Cor: Preto.<\/p>\n","protected":false},"excerpt":{"rendered":"<p>O suporte S100 \u00e9 pequeno, leve e pr\u00e1tico, este modelo foi desenvolvido para maior praticidade&#8230;<\/p>\n","protected":false},"featured_media":0,"comment_status":"closed","ping_status":"open","template":"","meta":{"_acf_changed":false},"class_list":["post-1339","product","type-product","status-publish","hentry","product_cat-suporte","pa_cores-preto"],"acf":[],"_links":{"self":[{"href":"https:\/\/host86.com.br\/clientes20\/kingo\/wp-json\/wp\/v2\/product\/1339","targetHints":{"allow":["GET"]}}],"collection":[{"href":"https:\/\/host86.com.br\/clientes20\/kingo\/wp-json\/wp\/v2\/product"}],"about":[{"href":"https:\/\/host86.com.br\/clientes20\/kingo\/wp-json\/wp\/v2\/types\/product"}],"replies":[{"embeddable":true,"href":"https:\/\/host86.com.br\/clientes20\/kingo\/wp-json\/wp\/v2\/comments?post=1339"}],"wp:attachment":[{"href":"https:\/\/host86.com.br\/clientes20\/kingo\/wp-json\/wp\/v2\/media?parent=1339"}],"curies":[{"name":"wp","href":"https:\/\/api.w.org\/{rel}","templated":true}]}}