{"id":1332,"date":"2020-03-27T15:58:34","date_gmt":"2020-03-27T18:58:34","guid":{"rendered":"http:\/\/localhost\/kingo\/produto\/suporte-para-notebook-m2\/"},"modified":"2020-03-27T15:58:35","modified_gmt":"2020-03-27T18:58:35","slug":"suporte-para-notebook-m2","status":"publish","type":"product","link":"https:\/\/host86.com.br\/clientes20\/kingo\/produto\/suporte-para-notebook-m2\/","title":{"rendered":"Suporte para Notebook (M2)"},"content":{"rendered":"<p>Caracter\u00edsticas: Material em Alum\u00ednio; Resistente a Riscos; Ajuste de \u00c2ngulo; Medidas: Parte de cima: 265*235mm; Parte de baixo: 240*210mm<\/p>\n","protected":false},"excerpt":{"rendered":"<p>Caracter\u00edsticas: Material em Alum\u00ednio; Resistente a Riscos; Ajuste de \u00c2ngulo; Medidas: Parte de cima: 265*235mm;&#8230;<\/p>\n","protected":false},"featured_media":0,"comment_status":"closed","ping_status":"open","template":"","meta":{"_acf_changed":false},"class_list":["post-1332","product","type-product","status-publish","hentry","product_cat-suporte","pa_cores-prata"],"acf":[],"_links":{"self":[{"href":"https:\/\/host86.com.br\/clientes20\/kingo\/wp-json\/wp\/v2\/product\/1332","targetHints":{"allow":["GET"]}}],"collection":[{"href":"https:\/\/host86.com.br\/clientes20\/kingo\/wp-json\/wp\/v2\/product"}],"about":[{"href":"https:\/\/host86.com.br\/clientes20\/kingo\/wp-json\/wp\/v2\/types\/product"}],"replies":[{"embeddable":true,"href":"https:\/\/host86.com.br\/clientes20\/kingo\/wp-json\/wp\/v2\/comments?post=1332"}],"wp:attachment":[{"href":"https:\/\/host86.com.br\/clientes20\/kingo\/wp-json\/wp\/v2\/media?parent=1332"}],"curies":[{"name":"wp","href":"https:\/\/api.w.org\/{rel}","templated":true}]}}