{"id":1330,"date":"2020-03-27T15:58:22","date_gmt":"2020-03-27T18:58:22","guid":{"rendered":"http:\/\/localhost\/kingo\/produto\/suporte-para-bicicleta-e-moto\/"},"modified":"2020-03-27T15:58:32","modified_gmt":"2020-03-27T18:58:32","slug":"suporte-para-bicicleta-e-moto","status":"publish","type":"product","link":"https:\/\/host86.com.br\/clientes20\/kingo\/produto\/suporte-para-bicicleta-e-moto\/","title":{"rendered":"Suporte para Bicicleta e Moto"},"content":{"rendered":"<p>F\u00e1cil de instalar, o suporte \u00e9 fixado em qualquer bicicleta, moto ou outro ve\u00edculo com guid\u00e3o; A base girat\u00f3ria de 360\u00ba permite a visualiza\u00e7\u00e3o no \u00e2ngulo perfeito; A janela transparente oferece f\u00e1cil visualiza\u00e7\u00e3o e acesso \u00e0 tela t\u00e1ctil; Duas almofadas inclu\u00eddos servem para caber na capa com tamanhos variados de marca de smartphone ou tamanho de dispositivo enquanto encaixados.<\/p>\n","protected":false},"excerpt":{"rendered":"<p>F\u00e1cil de instalar, o suporte \u00e9 fixado em qualquer bicicleta, moto ou outro ve\u00edculo com&#8230;<\/p>\n","protected":false},"featured_media":0,"comment_status":"closed","ping_status":"open","template":"","meta":{"_acf_changed":false},"class_list":["post-1330","product","type-product","status-publish","hentry","product_cat-suporte","pa_cores-preto"],"acf":[],"_links":{"self":[{"href":"https:\/\/host86.com.br\/clientes20\/kingo\/wp-json\/wp\/v2\/product\/1330","targetHints":{"allow":["GET"]}}],"collection":[{"href":"https:\/\/host86.com.br\/clientes20\/kingo\/wp-json\/wp\/v2\/product"}],"about":[{"href":"https:\/\/host86.com.br\/clientes20\/kingo\/wp-json\/wp\/v2\/types\/product"}],"replies":[{"embeddable":true,"href":"https:\/\/host86.com.br\/clientes20\/kingo\/wp-json\/wp\/v2\/comments?post=1330"}],"wp:attachment":[{"href":"https:\/\/host86.com.br\/clientes20\/kingo\/wp-json\/wp\/v2\/media?parent=1330"}],"curies":[{"name":"wp","href":"https:\/\/api.w.org\/{rel}","templated":true}]}}