{"id":1329,"date":"2020-03-27T15:58:22","date_gmt":"2020-03-27T18:58:22","guid":{"rendered":"http:\/\/localhost\/kingo\/produto\/suporte-para-celular-jhd-102\/"},"modified":"2020-03-27T15:58:32","modified_gmt":"2020-03-27T18:58:32","slug":"suporte-para-celular-jhd-102","status":"publish","type":"product","link":"https:\/\/host86.com.br\/clientes20\/kingo\/produto\/suporte-para-celular-jhd-102\/","title":{"rendered":"Suporte para Celular (JHD-102)"},"content":{"rendered":"<p>Articulado para Celular, GPS e a maioria de produtos digitais; Compat\u00edvel com aparelhos Samsung, Iphone, Motorola entre outras marcas; Projetado com grampo e o dobro de seguran\u00e7a para seu aparelho; Com o suporte articulado flex\u00edvel, voc\u00ea pode ajustar livremente o melhor \u00e2ngulo de vis\u00e3o, inclusive gira 360 graus. O grampo de fixa\u00e7\u00e3o tem abertura m\u00e1xima 9.4 cm, interior macio com almofada de borracha para fornecer a seguran\u00e7a extra para seu aparelho; Pode ser utilizado na cama, na mesa, na cozinha, no escrit\u00f3rio e em qualquer superf\u00edcie onde possa prender o grampo, ou seja, voc\u00ea ir\u00e1 fix\u00e1-lo em qualquer lugar que queira ficar; Dispon\u00edvel na cor BRANCO.<\/p>\n","protected":false},"excerpt":{"rendered":"<p>Articulado para Celular, GPS e a maioria de produtos digitais; Compat\u00edvel com aparelhos Samsung, Iphone,&#8230;<\/p>\n","protected":false},"featured_media":0,"comment_status":"closed","ping_status":"open","template":"","meta":{"_acf_changed":false},"class_list":["post-1329","product","type-product","status-publish","hentry","product_cat-suporte","pa_cores-branco"],"acf":[],"_links":{"self":[{"href":"https:\/\/host86.com.br\/clientes20\/kingo\/wp-json\/wp\/v2\/product\/1329","targetHints":{"allow":["GET"]}}],"collection":[{"href":"https:\/\/host86.com.br\/clientes20\/kingo\/wp-json\/wp\/v2\/product"}],"about":[{"href":"https:\/\/host86.com.br\/clientes20\/kingo\/wp-json\/wp\/v2\/types\/product"}],"replies":[{"embeddable":true,"href":"https:\/\/host86.com.br\/clientes20\/kingo\/wp-json\/wp\/v2\/comments?post=1329"}],"wp:attachment":[{"href":"https:\/\/host86.com.br\/clientes20\/kingo\/wp-json\/wp\/v2\/media?parent=1329"}],"curies":[{"name":"wp","href":"https:\/\/api.w.org\/{rel}","templated":true}]}}