{"id":1327,"date":"2020-03-27T15:58:22","date_gmt":"2020-03-27T18:58:22","guid":{"rendered":"http:\/\/localhost\/kingo\/produto\/suporte-anel-redondo-kg-208\/"},"modified":"2020-03-27T15:58:31","modified_gmt":"2020-03-27T18:58:31","slug":"suporte-anel-redondo-kg-208","status":"publish","type":"product","link":"https:\/\/host86.com.br\/clientes20\/kingo\/produto\/suporte-anel-redondo-kg-208\/","title":{"rendered":"Suporte Anel Redondo (KG-208)"},"content":{"rendered":"<p>Este suporte pode ser aplicado e removido a qualquer momento, basta trocar a fita dupla face.<br \/>\n\u00c9 refor\u00e7ado com um pino de mola, que o deixa resistente para o suporte ficar mais est\u00e1vel, e a fivela ficar totalmente fixada. Rota\u00e7\u00e3o de 360\u00ba; Adesivo Reutiliz\u00e1vel; \u00c2ngulo de apoio ajust\u00e1vel<\/p>\n","protected":false},"excerpt":{"rendered":"<p>Este suporte pode ser aplicado e removido a qualquer momento, basta trocar a fita dupla&#8230;<\/p>\n","protected":false},"featured_media":0,"comment_status":"closed","ping_status":"open","template":"","meta":{"_acf_changed":false},"class_list":["post-1327","product","type-product","status-publish","hentry","product_cat-suporte","pa_cores-preto"],"acf":[],"_links":{"self":[{"href":"https:\/\/host86.com.br\/clientes20\/kingo\/wp-json\/wp\/v2\/product\/1327","targetHints":{"allow":["GET"]}}],"collection":[{"href":"https:\/\/host86.com.br\/clientes20\/kingo\/wp-json\/wp\/v2\/product"}],"about":[{"href":"https:\/\/host86.com.br\/clientes20\/kingo\/wp-json\/wp\/v2\/types\/product"}],"replies":[{"embeddable":true,"href":"https:\/\/host86.com.br\/clientes20\/kingo\/wp-json\/wp\/v2\/comments?post=1327"}],"wp:attachment":[{"href":"https:\/\/host86.com.br\/clientes20\/kingo\/wp-json\/wp\/v2\/media?parent=1327"}],"curies":[{"name":"wp","href":"https:\/\/api.w.org\/{rel}","templated":true}]}}