{"id":1325,"date":"2020-03-27T15:58:22","date_gmt":"2020-03-27T18:58:22","guid":{"rendered":"http:\/\/localhost\/kingo\/produto\/suporte-veicular-para-celular-s510\/"},"modified":"2020-03-27T15:58:30","modified_gmt":"2020-03-27T18:58:30","slug":"suporte-veicular-para-celular-s510","status":"publish","type":"product","link":"https:\/\/host86.com.br\/clientes20\/kingo\/produto\/suporte-veicular-para-celular-s510\/","title":{"rendered":"Suporte Veicular para Celular (S510)"},"content":{"rendered":"<p>Caracter\u00edsticas: Design inovador e elegante; Qualidade superior e boa durabilidade; Rotativo 360\u00ba, \u00e0 prova de riscos com material de silicone; Bot\u00e3o de trava autom\u00e1tico.<\/p>\n","protected":false},"excerpt":{"rendered":"<p>Caracter\u00edsticas: Design inovador e elegante; Qualidade superior e boa durabilidade; Rotativo 360\u00ba, \u00e0 prova de&#8230;<\/p>\n","protected":false},"featured_media":0,"comment_status":"closed","ping_status":"open","template":"","meta":{"_acf_changed":false},"class_list":["post-1325","product","type-product","status-publish","hentry","product_cat-suporte","pa_cores-preto"],"acf":[],"_links":{"self":[{"href":"https:\/\/host86.com.br\/clientes20\/kingo\/wp-json\/wp\/v2\/product\/1325","targetHints":{"allow":["GET"]}}],"collection":[{"href":"https:\/\/host86.com.br\/clientes20\/kingo\/wp-json\/wp\/v2\/product"}],"about":[{"href":"https:\/\/host86.com.br\/clientes20\/kingo\/wp-json\/wp\/v2\/types\/product"}],"replies":[{"embeddable":true,"href":"https:\/\/host86.com.br\/clientes20\/kingo\/wp-json\/wp\/v2\/comments?post=1325"}],"wp:attachment":[{"href":"https:\/\/host86.com.br\/clientes20\/kingo\/wp-json\/wp\/v2\/media?parent=1325"}],"curies":[{"name":"wp","href":"https:\/\/api.w.org\/{rel}","templated":true}]}}