{"id":1324,"date":"2020-03-27T15:58:22","date_gmt":"2020-03-27T18:58:22","guid":{"rendered":"http:\/\/localhost\/kingo\/produto\/suporte-veicular-para-celular-s520\/"},"modified":"2020-03-27T15:58:29","modified_gmt":"2020-03-27T18:58:29","slug":"suporte-veicular-para-celular-s520","status":"publish","type":"product","link":"https:\/\/host86.com.br\/clientes20\/kingo\/produto\/suporte-veicular-para-celular-s520\/","title":{"rendered":"Suporte Veicular para Celular (S520)"},"content":{"rendered":"<p>Caracter\u00edsticas: Suporte de Metal; Trava por gravidade; Estabiliza\u00e7\u00e3o por 3 pontos; Opera\u00e7\u00e3o com uma m\u00e3o; Segura o aparelho automaticamente; Dispositivo compat\u00edvel; Espessura < 10mm; 48mm < Largura < 88mm; Tamango da Embalagem: 90mm x 125mm x 55mm\n<\/p>\n","protected":false},"excerpt":{"rendered":"<p>Caracter\u00edsticas: Suporte de Metal; Trava por gravidade; Estabiliza\u00e7\u00e3o por 3 pontos; Opera\u00e7\u00e3o com uma m\u00e3o;&#8230;<\/p>\n","protected":false},"featured_media":0,"comment_status":"closed","ping_status":"open","template":"","meta":{"_acf_changed":false},"class_list":["post-1324","product","type-product","status-publish","hentry","product_cat-suporte","pa_cores-preto"],"acf":[],"_links":{"self":[{"href":"https:\/\/host86.com.br\/clientes20\/kingo\/wp-json\/wp\/v2\/product\/1324","targetHints":{"allow":["GET"]}}],"collection":[{"href":"https:\/\/host86.com.br\/clientes20\/kingo\/wp-json\/wp\/v2\/product"}],"about":[{"href":"https:\/\/host86.com.br\/clientes20\/kingo\/wp-json\/wp\/v2\/types\/product"}],"replies":[{"embeddable":true,"href":"https:\/\/host86.com.br\/clientes20\/kingo\/wp-json\/wp\/v2\/comments?post=1324"}],"wp:attachment":[{"href":"https:\/\/host86.com.br\/clientes20\/kingo\/wp-json\/wp\/v2\/media?parent=1324"}],"curies":[{"name":"wp","href":"https:\/\/api.w.org\/{rel}","templated":true}]}}