{"id":1322,"date":"2020-03-27T15:58:22","date_gmt":"2020-03-27T18:58:22","guid":{"rendered":"http:\/\/localhost\/kingo\/produto\/cabo-hdmi-corda-2\/"},"modified":"2020-03-27T15:58:28","modified_gmt":"2020-03-27T18:58:28","slug":"cabo-hdmi-corda-2","status":"publish","type":"product","link":"https:\/\/host86.com.br\/clientes20\/kingo\/produto\/cabo-hdmi-corda-2\/","title":{"rendered":"Cabo HDMI Corda"},"content":{"rendered":"<p>Cabos de alta qualidade e acabamento impec\u00e1vel para quem exige o m\u00e1ximo do seu sistema. Leve o que h\u00e1 de mais moderno em cabos e com acabamento dos conectores banhados em Ouro 24 Quilates. Blindagem dupla para m\u00e1xima isola\u00e7\u00e3o a interfer\u00eancias externas e capa externa em PVC de alta qualidade. Conectores banhados a Ouro 24K. Aplica\u00e7\u00f5es: Blu-Ray, Receptores de Imagens digitais , Video Games, Receivers, DVD e TVs.<\/p>\n","protected":false},"excerpt":{"rendered":"<p>Cabos de alta qualidade e acabamento impec\u00e1vel para quem exige o m\u00e1ximo do seu sistema&#8230;.<\/p>\n","protected":false},"featured_media":0,"comment_status":"closed","ping_status":"open","template":"","meta":{"_acf_changed":false},"class_list":["post-1322","product","type-product","status-publish","hentry","product_cat-cabo-de-dados-cabos","product_cat-cabos","product_cat-hdmi","pa_cores-preto","pa_modelo-20-m"],"acf":[],"_links":{"self":[{"href":"https:\/\/host86.com.br\/clientes20\/kingo\/wp-json\/wp\/v2\/product\/1322","targetHints":{"allow":["GET"]}}],"collection":[{"href":"https:\/\/host86.com.br\/clientes20\/kingo\/wp-json\/wp\/v2\/product"}],"about":[{"href":"https:\/\/host86.com.br\/clientes20\/kingo\/wp-json\/wp\/v2\/types\/product"}],"replies":[{"embeddable":true,"href":"https:\/\/host86.com.br\/clientes20\/kingo\/wp-json\/wp\/v2\/comments?post=1322"}],"wp:attachment":[{"href":"https:\/\/host86.com.br\/clientes20\/kingo\/wp-json\/wp\/v2\/media?parent=1322"}],"curies":[{"name":"wp","href":"https:\/\/api.w.org\/{rel}","templated":true}]}}