{"id":1318,"date":"2020-03-27T15:58:22","date_gmt":"2020-03-27T18:58:22","guid":{"rendered":"http:\/\/localhost\/kingo\/produto\/cabo-hdmi-flat\/"},"modified":"2020-03-27T15:58:26","modified_gmt":"2020-03-27T18:58:26","slug":"cabo-hdmi-flat","status":"publish","type":"product","link":"https:\/\/host86.com.br\/clientes20\/kingo\/produto\/cabo-hdmi-flat\/","title":{"rendered":"Cabo HDMI Flat"},"content":{"rendered":"<p>O Cabo HDMI High Speed 1.4 transmite imagens em 3D com incr\u00edvel velocidade de at\u00e9 10,2 Gbps e uma resolu\u00e7\u00e3o extremamente alta de 4K garantindo uma empolgante e realista experi\u00eancia em filmes e jogos 3D. Compatibilidade: Dispositivos HDMI.  Especifica\u00e7\u00f5es: Conector: HDMI folheado a ouro 24k; Condutor: Condutores em cobre; Revestimento: PVC; Comprimento: 1,5m \/ 2m \/ 3m; Largura: 1,1m; Cor: Preto. Conte\u00fado da embalagem: 1 Cabo HDMI.  Informa\u00e7\u00f5es adicionais: Suporta a reprodu\u00e7\u00e3o de imagens 3D; Cinema em casa: possibilita uma resolu\u00e7\u00e3o at\u00e9 quatro vezes maior que o formato Full HD; Melhor suporte \u00e0 cores, tornando as imagens mais realistas e com cores mais vivas; Suporta sinal de resolu\u00e7\u00e3o: 1080; Possui conectores (pontas) em Ouro: melhor qualidade na transfer\u00eancia de sinais; Compat\u00edvel com mais modernos leitores de DVD e Blu-Ray, PlayStation, Xbox 360, computadores, e etc.<\/p>\n","protected":false},"excerpt":{"rendered":"<p>O Cabo HDMI High Speed 1.4 transmite imagens em 3D com incr\u00edvel velocidade de at\u00e9&#8230;<\/p>\n","protected":false},"featured_media":0,"comment_status":"closed","ping_status":"open","template":"","meta":{"_acf_changed":false},"class_list":["post-1318","product","type-product","status-publish","hentry","product_cat-cabo-de-dados-cabos","product_cat-cabos","product_cat-hdmi","pa_cores-preto","pa_modelo-15-m"],"acf":[],"_links":{"self":[{"href":"https:\/\/host86.com.br\/clientes20\/kingo\/wp-json\/wp\/v2\/product\/1318","targetHints":{"allow":["GET"]}}],"collection":[{"href":"https:\/\/host86.com.br\/clientes20\/kingo\/wp-json\/wp\/v2\/product"}],"about":[{"href":"https:\/\/host86.com.br\/clientes20\/kingo\/wp-json\/wp\/v2\/types\/product"}],"replies":[{"embeddable":true,"href":"https:\/\/host86.com.br\/clientes20\/kingo\/wp-json\/wp\/v2\/comments?post=1318"}],"wp:attachment":[{"href":"https:\/\/host86.com.br\/clientes20\/kingo\/wp-json\/wp\/v2\/media?parent=1318"}],"curies":[{"name":"wp","href":"https:\/\/api.w.org\/{rel}","templated":true}]}}