{"id":1315,"date":"2020-03-27T15:58:22","date_gmt":"2020-03-27T18:58:22","guid":{"rendered":"http:\/\/localhost\/kingo\/produto\/cabo-p2\/"},"modified":"2020-04-01T13:00:52","modified_gmt":"2020-04-01T16:00:52","slug":"cabo-p2","status":"publish","type":"product","link":"https:\/\/host86.com.br\/clientes20\/kingo\/produto\/cabo-p2\/","title":{"rendered":"Cabo P2"},"content":{"rendered":"<p>Cabos de alta qualidade e acabamento impec\u00e1vel para quem exige o m\u00e1ximo do seu sistema. Entre sa\u00eddas para fones de ouvido e auxiliar. A KinGo oferece uma linha com os cabos mais utilizados, com \u00f3tima qualidade e compatibilidade com os novos formatos do mercado.  Compatibilidade: MP3, DVD Player, Celular, Notebook, Radio, TV e outros aparelhos que utiliza sa\u00edda P2.  Especifica\u00e7\u00f5es:Conex\u00e3o plug 3,5mm; Metragem: 100cm;  Cor: Preto.  Conte\u00fado da embalagem: 1 Cabo P2.  Informa\u00e7\u00f5es adicionais: Conectores de metal; Condutores 100% cobre; Cabo com revestimento em TPU; Cabo macio e resistente; Transfere o \u00e1udio com excelente qualidade.<\/p>\n","protected":false},"excerpt":{"rendered":"<p>Cabos de alta qualidade e acabamento impec\u00e1vel para quem exige o m\u00e1ximo do seu sistema&#8230;.<\/p>\n","protected":false},"featured_media":1823,"comment_status":"closed","ping_status":"closed","template":"","meta":{"_acf_changed":false},"class_list":["post-1315","product","type-product","status-publish","has-post-thumbnail","hentry","product_cat-cabo-de-dados-cabos","product_cat-cabo-p2-cabos","product_cat-cabos","pa_cores-preto","pa_cores-vermelho","pa_modelo-espiral","pa_modelo-metal","pa_modelo-stereo"],"acf":[],"_links":{"self":[{"href":"https:\/\/host86.com.br\/clientes20\/kingo\/wp-json\/wp\/v2\/product\/1315","targetHints":{"allow":["GET"]}}],"collection":[{"href":"https:\/\/host86.com.br\/clientes20\/kingo\/wp-json\/wp\/v2\/product"}],"about":[{"href":"https:\/\/host86.com.br\/clientes20\/kingo\/wp-json\/wp\/v2\/types\/product"}],"replies":[{"embeddable":true,"href":"https:\/\/host86.com.br\/clientes20\/kingo\/wp-json\/wp\/v2\/comments?post=1315"}],"wp:featuredmedia":[{"embeddable":true,"href":"https:\/\/host86.com.br\/clientes20\/kingo\/wp-json\/wp\/v2\/media\/1823"}],"wp:attachment":[{"href":"https:\/\/host86.com.br\/clientes20\/kingo\/wp-json\/wp\/v2\/media?parent=1315"}],"curies":[{"name":"wp","href":"https:\/\/api.w.org\/{rel}","templated":true}]}}