{"id":1311,"date":"2020-03-27T15:58:10","date_gmt":"2020-03-27T18:58:10","guid":{"rendered":"http:\/\/localhost\/kingo\/produto\/cabo-de-dados-2-metros-2\/"},"modified":"2020-03-31T17:38:05","modified_gmt":"2020-03-31T20:38:05","slug":"cabo-de-dados-2-metros-2","status":"publish","type":"product","link":"https:\/\/host86.com.br\/clientes20\/kingo\/produto\/cabo-de-dados-2-metros-2\/","title":{"rendered":"Cabo de Dados (2 Metros)"},"content":{"rendered":"<p>\u00c9 super resistente, este cabo USB 2.0 conecta seu dispositivo diretamente a seu computador para sincronizar de forma r\u00e1pida e eficiente seus dados ou carregar seu aparelho. Conecte-se ao computador para sincroniza\u00e7\u00e3o e transfer\u00eancia de dados.  Caracter\u00edsticas: Marca: KinGo.  Compatibilidade: Sony, Nokia, Motorola, LG e Samsung.  Especifica\u00e7\u00f5es: Comprimento: 2 metros; Sa\u00edda: at\u00e9 2A; Peso: l\u00edquido: 33g ; Cor: Branco e Preto.  Conte\u00fado da embalagem: 1 Cabo de dados.<\/p>\n","protected":false},"excerpt":{"rendered":"<p>\u00c9 super resistente, este cabo USB 2.0 conecta seu dispositivo diretamente a seu computador para&#8230;<\/p>\n","protected":false},"featured_media":0,"comment_status":"closed","ping_status":"open","template":"","meta":{"_acf_changed":false},"class_list":["post-1311","product","type-product","status-publish","hentry","product_cat-cabo-de-dados-cabos","product_cat-cabos","pa_cores-branco","pa_cores-preto","pa_modelo-micro-usb"],"acf":[],"_links":{"self":[{"href":"https:\/\/host86.com.br\/clientes20\/kingo\/wp-json\/wp\/v2\/product\/1311","targetHints":{"allow":["GET"]}}],"collection":[{"href":"https:\/\/host86.com.br\/clientes20\/kingo\/wp-json\/wp\/v2\/product"}],"about":[{"href":"https:\/\/host86.com.br\/clientes20\/kingo\/wp-json\/wp\/v2\/types\/product"}],"replies":[{"embeddable":true,"href":"https:\/\/host86.com.br\/clientes20\/kingo\/wp-json\/wp\/v2\/comments?post=1311"}],"wp:attachment":[{"href":"https:\/\/host86.com.br\/clientes20\/kingo\/wp-json\/wp\/v2\/media?parent=1311"}],"curies":[{"name":"wp","href":"https:\/\/api.w.org\/{rel}","templated":true}]}}