{"id":1306,"date":"2020-03-27T15:58:10","date_gmt":"2020-03-27T18:58:10","guid":{"rendered":"http:\/\/localhost\/kingo\/produto\/cabo-de-dados-jeans\/"},"modified":"2020-03-27T15:58:17","modified_gmt":"2020-03-27T18:58:17","slug":"cabo-de-dados-jeans","status":"publish","type":"product","link":"https:\/\/host86.com.br\/clientes20\/kingo\/produto\/cabo-de-dados-jeans\/","title":{"rendered":"Cabo de dados Jeans"},"content":{"rendered":"<p>Cabo USB 2.4 conecta seu dispositivo diretamente a seu computador para sincronizar de forma r\u00e1pida e eficiente seus dados ou carregar seu aparelho. Conecte-se ao computador para sincroniza\u00e7\u00e3o e transfer\u00eancia de dados.  Caracter\u00edsticas: Marca: KinGo.  Especifica\u00e7\u00f5es:  Comprimento: 1 metro; Sa\u00edda: at\u00e9 2.4A; Cor: Jeans.  Conte\u00fado da embalagem: 1 Cabo de dados.<\/p>\n","protected":false},"excerpt":{"rendered":"<p>Cabo USB 2.4 conecta seu dispositivo diretamente a seu computador para sincronizar de forma r\u00e1pida&#8230;<\/p>\n","protected":false},"featured_media":0,"comment_status":"closed","ping_status":"open","template":"","meta":{"_acf_changed":false},"class_list":["post-1306","product","type-product","status-publish","hentry","product_cat-cabo-de-dados-cabos","product_cat-cabos","pa_cores-azul","pa_modelo-iphone-8"],"acf":[],"_links":{"self":[{"href":"https:\/\/host86.com.br\/clientes20\/kingo\/wp-json\/wp\/v2\/product\/1306","targetHints":{"allow":["GET"]}}],"collection":[{"href":"https:\/\/host86.com.br\/clientes20\/kingo\/wp-json\/wp\/v2\/product"}],"about":[{"href":"https:\/\/host86.com.br\/clientes20\/kingo\/wp-json\/wp\/v2\/types\/product"}],"replies":[{"embeddable":true,"href":"https:\/\/host86.com.br\/clientes20\/kingo\/wp-json\/wp\/v2\/comments?post=1306"}],"wp:attachment":[{"href":"https:\/\/host86.com.br\/clientes20\/kingo\/wp-json\/wp\/v2\/media?parent=1306"}],"curies":[{"name":"wp","href":"https:\/\/api.w.org\/{rel}","templated":true}]}}