{"id":1298,"date":"2020-03-27T15:58:10","date_gmt":"2020-03-27T18:58:10","guid":{"rendered":"http:\/\/localhost\/kingo\/produto\/cabo-de-dados-para-celular-tubo-2-4a\/"},"modified":"2020-03-27T15:58:13","modified_gmt":"2020-03-27T18:58:13","slug":"cabo-de-dados-para-celular-tubo-2-4a","status":"publish","type":"product","link":"https:\/\/host86.com.br\/clientes20\/kingo\/produto\/cabo-de-dados-para-celular-tubo-2-4a\/","title":{"rendered":"Cabo de Dados para Celular (Tubo) 2.4A"},"content":{"rendered":"<p>Descri\u00e7\u00e3o: Carregamento e transmiss\u00e3o de dados; Tamanho: 1 Metro; Material: Pl\u00e1stico.<\/p>\n","protected":false},"excerpt":{"rendered":"<p>Descri\u00e7\u00e3o: Carregamento e transmiss\u00e3o de dados; Tamanho: 1 Metro; Material: Pl\u00e1stico.<\/p>\n","protected":false},"featured_media":0,"comment_status":"closed","ping_status":"open","template":"","meta":{"_acf_changed":false},"class_list":["post-1298","product","type-product","status-publish","hentry","product_cat-cabo-de-dados-cabos","product_cat-cabos","pa_cores-branco","pa_cores-vermelho","pa_modelo-iphone-8"],"acf":[],"_links":{"self":[{"href":"https:\/\/host86.com.br\/clientes20\/kingo\/wp-json\/wp\/v2\/product\/1298","targetHints":{"allow":["GET"]}}],"collection":[{"href":"https:\/\/host86.com.br\/clientes20\/kingo\/wp-json\/wp\/v2\/product"}],"about":[{"href":"https:\/\/host86.com.br\/clientes20\/kingo\/wp-json\/wp\/v2\/types\/product"}],"replies":[{"embeddable":true,"href":"https:\/\/host86.com.br\/clientes20\/kingo\/wp-json\/wp\/v2\/comments?post=1298"}],"wp:attachment":[{"href":"https:\/\/host86.com.br\/clientes20\/kingo\/wp-json\/wp\/v2\/media?parent=1298"}],"curies":[{"name":"wp","href":"https:\/\/api.w.org\/{rel}","templated":true}]}}