{"id":1295,"date":"2020-03-27T15:58:10","date_gmt":"2020-03-27T18:58:10","guid":{"rendered":"http:\/\/localhost\/kingo\/produto\/cabo-de-dados-usb-reversivel\/"},"modified":"2020-04-01T13:20:24","modified_gmt":"2020-04-01T16:20:24","slug":"cabo-de-dados-usb-reversivel","status":"publish","type":"product","link":"https:\/\/host86.com.br\/clientes20\/kingo\/produto\/cabo-de-dados-usb-reversivel\/","title":{"rendered":"Cabo de Dados USB Revers\u00edvel"},"content":{"rendered":"<p>Caracter\u00edsticas: Tamanho: 1 metro; Material Resistente; Sa\u00edda de 2.4A; Transmiss\u00e3o de dados e carregamento simult\u00e2neo; Cabo com material de fio de Nylon e ponta met\u00e1lica.<\/p>\n","protected":false},"excerpt":{"rendered":"<p>Caracter\u00edsticas: Tamanho: 1 metro; Material Resistente; Sa\u00edda de 2.4A; Transmiss\u00e3o de dados e carregamento simult\u00e2neo;&#8230;<\/p>\n","protected":false},"featured_media":1792,"comment_status":"closed","ping_status":"closed","template":"","meta":{"_acf_changed":false},"class_list":["post-1295","product","type-product","status-publish","has-post-thumbnail","hentry","product_cat-cabo-de-dados-cabos","product_cat-cabos","pa_cores-branco","pa_cores-dourado","pa_cores-verde-agua","pa_modelo-iphone-8"],"acf":[],"_links":{"self":[{"href":"https:\/\/host86.com.br\/clientes20\/kingo\/wp-json\/wp\/v2\/product\/1295","targetHints":{"allow":["GET"]}}],"collection":[{"href":"https:\/\/host86.com.br\/clientes20\/kingo\/wp-json\/wp\/v2\/product"}],"about":[{"href":"https:\/\/host86.com.br\/clientes20\/kingo\/wp-json\/wp\/v2\/types\/product"}],"replies":[{"embeddable":true,"href":"https:\/\/host86.com.br\/clientes20\/kingo\/wp-json\/wp\/v2\/comments?post=1295"}],"wp:featuredmedia":[{"embeddable":true,"href":"https:\/\/host86.com.br\/clientes20\/kingo\/wp-json\/wp\/v2\/media\/1792"}],"wp:attachment":[{"href":"https:\/\/host86.com.br\/clientes20\/kingo\/wp-json\/wp\/v2\/media?parent=1295"}],"curies":[{"name":"wp","href":"https:\/\/api.w.org\/{rel}","templated":true}]}}