{"id":1292,"date":"2020-03-27T15:58:10","date_gmt":"2020-03-27T18:58:10","guid":{"rendered":"http:\/\/localhost\/kingo\/produto\/cabo-de-dados-u-shape-3-0a\/"},"modified":"2020-03-27T15:58:10","modified_gmt":"2020-03-27T18:58:10","slug":"cabo-de-dados-u-shape-3-0a","status":"publish","type":"product","link":"https:\/\/host86.com.br\/clientes20\/kingo\/produto\/cabo-de-dados-u-shape-3-0a\/","title":{"rendered":"Cabo de Dados U-Shape 3.0A"},"content":{"rendered":"<p>Caracter\u00edsticas: Cabo com base de liga de zinco; Tamanho: 1 metro; Suporta at\u00e9 3A de corrente el\u00e9trica; Conector revers\u00edvel.<\/p>\n","protected":false},"excerpt":{"rendered":"<p>Caracter\u00edsticas: Cabo com base de liga de zinco; Tamanho: 1 metro; Suporta at\u00e9 3A de&#8230;<\/p>\n","protected":false},"featured_media":0,"comment_status":"closed","ping_status":"open","template":"","meta":{"_acf_changed":false},"class_list":["post-1292","product","type-product","status-publish","hentry","product_cat-cabo-de-dados-cabos","product_cat-cabos","pa_cores-preto","pa_cores-vermelho","pa_modelo-iphone-8"],"acf":[],"_links":{"self":[{"href":"https:\/\/host86.com.br\/clientes20\/kingo\/wp-json\/wp\/v2\/product\/1292","targetHints":{"allow":["GET"]}}],"collection":[{"href":"https:\/\/host86.com.br\/clientes20\/kingo\/wp-json\/wp\/v2\/product"}],"about":[{"href":"https:\/\/host86.com.br\/clientes20\/kingo\/wp-json\/wp\/v2\/types\/product"}],"replies":[{"embeddable":true,"href":"https:\/\/host86.com.br\/clientes20\/kingo\/wp-json\/wp\/v2\/comments?post=1292"}],"wp:attachment":[{"href":"https:\/\/host86.com.br\/clientes20\/kingo\/wp-json\/wp\/v2\/media?parent=1292"}],"curies":[{"name":"wp","href":"https:\/\/api.w.org\/{rel}","templated":true}]}}