{"id":1289,"date":"2020-03-27T15:57:56","date_gmt":"2020-03-27T18:57:56","guid":{"rendered":"http:\/\/localhost\/kingo\/produto\/cabo-de-dados-com-led\/"},"modified":"2020-03-27T15:58:06","modified_gmt":"2020-03-27T18:58:06","slug":"cabo-de-dados-com-led","status":"publish","type":"product","link":"https:\/\/host86.com.br\/clientes20\/kingo\/produto\/cabo-de-dados-com-led\/","title":{"rendered":"Cabo de Dados com Led"},"content":{"rendered":"<p>Caracter\u00edsticas: Cabo de 1 metro revestido com tecido de alta qualidade; Transmiss\u00e3o de dados e carregamento simult\u00e2neo; Cabo com Led indicador; Carregamento r\u00e1pido.<\/p>\n","protected":false},"excerpt":{"rendered":"<p>Caracter\u00edsticas: Cabo de 1 metro revestido com tecido de alta qualidade; Transmiss\u00e3o de dados e&#8230;<\/p>\n","protected":false},"featured_media":0,"comment_status":"closed","ping_status":"open","template":"","meta":{"_acf_changed":false},"class_list":["post-1289","product","type-product","status-publish","hentry","product_cat-cabo-de-dados-cabos","product_cat-cabos","pa_cores-cinza","pa_modelo-iphone-8"],"acf":[],"_links":{"self":[{"href":"https:\/\/host86.com.br\/clientes20\/kingo\/wp-json\/wp\/v2\/product\/1289","targetHints":{"allow":["GET"]}}],"collection":[{"href":"https:\/\/host86.com.br\/clientes20\/kingo\/wp-json\/wp\/v2\/product"}],"about":[{"href":"https:\/\/host86.com.br\/clientes20\/kingo\/wp-json\/wp\/v2\/types\/product"}],"replies":[{"embeddable":true,"href":"https:\/\/host86.com.br\/clientes20\/kingo\/wp-json\/wp\/v2\/comments?post=1289"}],"wp:attachment":[{"href":"https:\/\/host86.com.br\/clientes20\/kingo\/wp-json\/wp\/v2\/media?parent=1289"}],"curies":[{"name":"wp","href":"https:\/\/api.w.org\/{rel}","templated":true}]}}