{"id":1283,"date":"2020-03-27T15:57:56","date_gmt":"2020-03-27T18:57:56","guid":{"rendered":"http:\/\/localhost\/kingo\/produto\/cabo-de-dados-com-liga-de-zinco-2-4a\/"},"modified":"2020-03-31T17:46:38","modified_gmt":"2020-03-31T20:46:38","slug":"cabo-de-dados-com-liga-de-zinco-2-4a","status":"publish","type":"product","link":"https:\/\/host86.com.br\/clientes20\/kingo\/produto\/cabo-de-dados-com-liga-de-zinco-2-4a\/","title":{"rendered":"Cabo de Dados com Liga de Zinco 2.4A"},"content":{"rendered":"<p>Circuito de prote\u00e7\u00e3o incorporado, Capacidade especial para alta temperatura, USB 2.0 \u00e9 compat\u00edvel com todas as vers\u00f5es USB.   Caracter\u00edsticas: Material resistente; Carregamento e sincroniza\u00e7\u00e3o de dados, Multiprote\u00e7\u00e3o contra sobrecarga.<\/p>\n","protected":false},"excerpt":{"rendered":"<p>Circuito de prote\u00e7\u00e3o incorporado, Capacidade especial para alta temperatura, USB 2.0 \u00e9 compat\u00edvel com todas&#8230;<\/p>\n","protected":false},"featured_media":0,"comment_status":"closed","ping_status":"open","template":"","meta":{"_acf_changed":false},"class_list":["post-1283","product","type-product","status-publish","hentry","product_cat-cabo-de-dados-cabos","product_cat-cabos","pa_cores-azul-marinho","pa_cores-preto","pa_cores-vermelho","pa_modelo-iphone-8"],"acf":[],"_links":{"self":[{"href":"https:\/\/host86.com.br\/clientes20\/kingo\/wp-json\/wp\/v2\/product\/1283","targetHints":{"allow":["GET"]}}],"collection":[{"href":"https:\/\/host86.com.br\/clientes20\/kingo\/wp-json\/wp\/v2\/product"}],"about":[{"href":"https:\/\/host86.com.br\/clientes20\/kingo\/wp-json\/wp\/v2\/types\/product"}],"replies":[{"embeddable":true,"href":"https:\/\/host86.com.br\/clientes20\/kingo\/wp-json\/wp\/v2\/comments?post=1283"}],"wp:attachment":[{"href":"https:\/\/host86.com.br\/clientes20\/kingo\/wp-json\/wp\/v2\/media?parent=1283"}],"curies":[{"name":"wp","href":"https:\/\/api.w.org\/{rel}","templated":true}]}}