{"id":1279,"date":"2020-03-27T15:57:56","date_gmt":"2020-03-27T18:57:56","guid":{"rendered":"http:\/\/localhost\/kingo\/produto\/cabo-de-dados-galaxy-tab\/"},"modified":"2020-03-27T15:58:00","modified_gmt":"2020-03-27T18:58:00","slug":"cabo-de-dados-galaxy-tab","status":"publish","type":"product","link":"https:\/\/host86.com.br\/clientes20\/kingo\/produto\/cabo-de-dados-galaxy-tab\/","title":{"rendered":"Cabo de Dados Galaxy Tab"},"content":{"rendered":"<p>Cabo USB de dados 30 pinos. Permite carregar, sincronizar e transferir dados entre seu Samsung Galaxy Tab e seu computador ou notebook.  Caracter\u00edsticas: Marca: KinGo.  Compatibilidade:Samsung GT-N8000 Galaxy Note 10,1&#8243;; Samsung GT-N8010 Galaxy Note 10,1&#8243;; Samsung GT-P1000 Galaxy Tab; Samsung GT-P1010 Galaxy Tab Wi Fi; Samsung GT-P3100; Galaxy Tab 7,0&#8243;; Samsung GT-P5100 Galaxy Tab 2 10,1&#8243;; Samsung GT-P6200 Galaxy Tab 7.0 Plus; Samsung GT-P6210 Galaxy Tab 7.0 Plus Wi Fi; Samsung GT-P6800 Galaxy Tab 7.7&#8243;; Samsung GT-P7300 Galaxy Tab 8.9&#8243;; Samsung GT-P7500 Galaxy Tab 10.1&#8243;.   Especifica\u00e7\u00f5es: Comprimento: 1m; Sa\u00edda: at\u00e9 2A; Peso l\u00edquido: 21g ; Cor: Preto.   Conte\u00fado da embalagem: 1 Cabo de dados.<\/p>\n","protected":false},"excerpt":{"rendered":"<p>Cabo USB de dados 30 pinos. Permite carregar, sincronizar e transferir dados entre seu Samsung&#8230;<\/p>\n","protected":false},"featured_media":0,"comment_status":"closed","ping_status":"open","template":"","meta":{"_acf_changed":false},"class_list":["post-1279","product","type-product","status-publish","hentry","product_cat-cabo-de-dados-cabos","product_cat-cabos","pa_cores-preto","pa_modelo-p1000"],"acf":[],"_links":{"self":[{"href":"https:\/\/host86.com.br\/clientes20\/kingo\/wp-json\/wp\/v2\/product\/1279","targetHints":{"allow":["GET"]}}],"collection":[{"href":"https:\/\/host86.com.br\/clientes20\/kingo\/wp-json\/wp\/v2\/product"}],"about":[{"href":"https:\/\/host86.com.br\/clientes20\/kingo\/wp-json\/wp\/v2\/types\/product"}],"replies":[{"embeddable":true,"href":"https:\/\/host86.com.br\/clientes20\/kingo\/wp-json\/wp\/v2\/comments?post=1279"}],"wp:attachment":[{"href":"https:\/\/host86.com.br\/clientes20\/kingo\/wp-json\/wp\/v2\/media?parent=1279"}],"curies":[{"name":"wp","href":"https:\/\/api.w.org\/{rel}","templated":true}]}}