{"id":1276,"date":"2020-03-27T15:57:56","date_gmt":"2020-03-27T18:57:56","guid":{"rendered":"http:\/\/localhost\/kingo\/produto\/cabo-de-dados-usb-c-para-usb-c-2-1a\/"},"modified":"2020-03-31T19:26:05","modified_gmt":"2020-03-31T22:26:05","slug":"cabo-de-dados-usb-c-para-usb-c-2-1a","status":"publish","type":"product","link":"https:\/\/host86.com.br\/clientes20\/kingo\/produto\/cabo-de-dados-usb-c-para-usb-c-2-1a\/","title":{"rendered":"Cabo de Dados USB C para USB C 2.1A"},"content":{"rendered":"<p>Caracter\u00edsticas: O cabo de USB-C para USB-C (USB 2.1) permite transferir dados e carregar dispositivos de forma r\u00e1pida e segura, e tamb\u00e9m transmitir v\u00eddeo para o MacBook com porta USB-C, MacBook Pro com portas Thunderbolt 3 (USB-C) e outros hosts e dispositivos USB-C. Al\u00e9m disso, ele \u00e9 revers\u00edvel e f\u00e1cil de usar. A velocidade de transfer\u00eancia chega a 10 Gbps, at\u00e9 20 vezes maior que a do USB 2 (480 Mbps), 12 vezes maior que a do FireWire 800 e 2 vezes maior que a do USB 3 (5 Gbps). Transfira dados de um MacBook ou MacBook Pro para outro dispositivo USB-C ou conecte um monitor USB-C compat\u00edvel com DisplayPort para ver v\u00eddeos com resolu\u00e7\u00e3o at\u00e9 4K.<\/p>\n","protected":false},"excerpt":{"rendered":"<p>Caracter\u00edsticas: O cabo de USB-C para USB-C (USB 2.1) permite transferir dados e carregar dispositivos&#8230;<\/p>\n","protected":false},"featured_media":1774,"comment_status":"closed","ping_status":"closed","template":"","meta":{"_acf_changed":false},"class_list":["post-1276","product","type-product","status-publish","has-post-thumbnail","hentry","product_cat-cabo-de-dados-cabos","product_cat-cabos","pa_cores-branco","pa_modelo-type-c-to-c"],"acf":[],"_links":{"self":[{"href":"https:\/\/host86.com.br\/clientes20\/kingo\/wp-json\/wp\/v2\/product\/1276","targetHints":{"allow":["GET"]}}],"collection":[{"href":"https:\/\/host86.com.br\/clientes20\/kingo\/wp-json\/wp\/v2\/product"}],"about":[{"href":"https:\/\/host86.com.br\/clientes20\/kingo\/wp-json\/wp\/v2\/types\/product"}],"replies":[{"embeddable":true,"href":"https:\/\/host86.com.br\/clientes20\/kingo\/wp-json\/wp\/v2\/comments?post=1276"}],"wp:featuredmedia":[{"embeddable":true,"href":"https:\/\/host86.com.br\/clientes20\/kingo\/wp-json\/wp\/v2\/media\/1774"}],"wp:attachment":[{"href":"https:\/\/host86.com.br\/clientes20\/kingo\/wp-json\/wp\/v2\/media?parent=1276"}],"curies":[{"name":"wp","href":"https:\/\/api.w.org\/{rel}","templated":true}]}}