{"id":1259,"date":"2020-03-27T15:57:48","date_gmt":"2020-03-27T18:57:48","guid":{"rendered":"http:\/\/localhost\/kingo\/produto\/cabo-de-dados-cotovelo-2\/"},"modified":"2020-03-31T17:52:35","modified_gmt":"2020-03-31T20:52:35","slug":"cabo-de-dados-cotovelo-2","status":"publish","type":"product","link":"https:\/\/host86.com.br\/clientes20\/kingo\/produto\/cabo-de-dados-cotovelo-2\/","title":{"rendered":"Cabo de Dados Cotovelo"},"content":{"rendered":"<p>Comprimento: 1 metro; Transmiss\u00e3o de dados e carregamento r\u00e1pido; Capacidade especial para alta temperatura; Circuito de prote\u00e7\u00e3o incorporado.  **ATEN\u00c7\u00c3O PARA A EMBALAGEM H\u00c1 UM ERRO NA TRADU\u00c7\u00c3O**<\/p>\n","protected":false},"excerpt":{"rendered":"<p>Comprimento: 1 metro; Transmiss\u00e3o de dados e carregamento r\u00e1pido; Capacidade especial para alta temperatura; Circuito&#8230;<\/p>\n","protected":false},"featured_media":0,"comment_status":"closed","ping_status":"open","template":"","meta":{"_acf_changed":false},"class_list":["post-1259","product","type-product","status-publish","hentry","product_cat-cabo-de-dados-cabos","product_cat-cabos","pa_cores-branco","pa_cores-preto","pa_cores-vermelho","pa_modelo-micro-usb"],"acf":[],"_links":{"self":[{"href":"https:\/\/host86.com.br\/clientes20\/kingo\/wp-json\/wp\/v2\/product\/1259","targetHints":{"allow":["GET"]}}],"collection":[{"href":"https:\/\/host86.com.br\/clientes20\/kingo\/wp-json\/wp\/v2\/product"}],"about":[{"href":"https:\/\/host86.com.br\/clientes20\/kingo\/wp-json\/wp\/v2\/types\/product"}],"replies":[{"embeddable":true,"href":"https:\/\/host86.com.br\/clientes20\/kingo\/wp-json\/wp\/v2\/comments?post=1259"}],"wp:attachment":[{"href":"https:\/\/host86.com.br\/clientes20\/kingo\/wp-json\/wp\/v2\/media?parent=1259"}],"curies":[{"name":"wp","href":"https:\/\/api.w.org\/{rel}","templated":true}]}}