{"id":1254,"date":"2020-03-27T15:57:48","date_gmt":"2020-03-27T18:57:48","guid":{"rendered":"http:\/\/localhost\/kingo\/produto\/carregador-veicular-dual-usb-3-4a-c304\/"},"modified":"2020-04-01T12:33:37","modified_gmt":"2020-04-01T15:33:37","slug":"carregador-veicular-dual-usb-3-4a-c304","status":"publish","type":"product","link":"https:\/\/host86.com.br\/clientes20\/kingo\/produto\/carregador-veicular-dual-usb-3-4a-c304\/","title":{"rendered":"Carregador veicular dual USB 3.4A (C304)"},"content":{"rendered":"<p>Caracter\u00edsticas: Pode ser usado para carregar Smartphones, Tablets, MP3 players, eBooks, GPS, games port\u00e1teis; 2 sa\u00eddas podem ser usadas simultaneamente; Alta efici\u00eancia no controle de circuitos internos; M\u00faltipla prote\u00e7\u00e3o de circuitos.<\/p>\n","protected":false},"excerpt":{"rendered":"<p>Caracter\u00edsticas: Pode ser usado para carregar Smartphones, Tablets, MP3 players, eBooks, GPS, games port\u00e1teis; 2&#8230;<\/p>\n","protected":false},"featured_media":1865,"comment_status":"closed","ping_status":"closed","template":"","meta":{"_acf_changed":false},"class_list":["post-1254","product","type-product","status-publish","has-post-thumbnail","hentry","product_cat-carregador-veicular-carregadores","product_cat-carregadores","pa_cores-branco"],"acf":[],"_links":{"self":[{"href":"https:\/\/host86.com.br\/clientes20\/kingo\/wp-json\/wp\/v2\/product\/1254","targetHints":{"allow":["GET"]}}],"collection":[{"href":"https:\/\/host86.com.br\/clientes20\/kingo\/wp-json\/wp\/v2\/product"}],"about":[{"href":"https:\/\/host86.com.br\/clientes20\/kingo\/wp-json\/wp\/v2\/types\/product"}],"replies":[{"embeddable":true,"href":"https:\/\/host86.com.br\/clientes20\/kingo\/wp-json\/wp\/v2\/comments?post=1254"}],"wp:featuredmedia":[{"embeddable":true,"href":"https:\/\/host86.com.br\/clientes20\/kingo\/wp-json\/wp\/v2\/media\/1865"}],"wp:attachment":[{"href":"https:\/\/host86.com.br\/clientes20\/kingo\/wp-json\/wp\/v2\/media?parent=1254"}],"curies":[{"name":"wp","href":"https:\/\/api.w.org\/{rel}","templated":true}]}}