{"id":1253,"date":"2020-03-27T15:57:48","date_gmt":"2020-03-27T18:57:48","guid":{"rendered":"http:\/\/localhost\/kingo\/produto\/carregador-veicular-dual-usb-2-4a-max-c220\/"},"modified":"2020-04-01T12:31:34","modified_gmt":"2020-04-01T15:31:34","slug":"carregador-veicular-dual-usb-2-4a-max-c220","status":"publish","type":"product","link":"https:\/\/host86.com.br\/clientes20\/kingo\/produto\/carregador-veicular-dual-usb-2-4a-max-c220\/","title":{"rendered":"Carregador Veicular Dual Usb 2.4A MAX (C220)"},"content":{"rendered":"<p>Caracter\u00edsticas: Este carregador veicular oferece uma maneira conveniente de recarregar a bateria do dispositivo seu carro. Seu design compacto possui prote\u00e7\u00e3o contra sobrecarga e prote\u00e7\u00e3o contra curto circu\u00edto.  Especifica\u00e7\u00e3o: ENTRADA: 12-2V; SA\u00cdDA \u00daNICA: 5V &#8211; 2.4A (MAX); SA\u00cdDA DUPLA: 5V &#8211; 2 x 12A (MAX).<\/p>\n","protected":false},"excerpt":{"rendered":"<p>Caracter\u00edsticas: Este carregador veicular oferece uma maneira conveniente de recarregar a bateria do dispositivo seu&#8230;<\/p>\n","protected":false},"featured_media":0,"comment_status":"closed","ping_status":"closed","template":"","meta":{"_acf_changed":false},"class_list":["post-1253","product","type-product","status-publish","hentry","product_cat-carregador-veicular-carregadores","product_cat-carregadores","pa_cores-branco","pa_cores-preto"],"acf":[],"_links":{"self":[{"href":"https:\/\/host86.com.br\/clientes20\/kingo\/wp-json\/wp\/v2\/product\/1253","targetHints":{"allow":["GET"]}}],"collection":[{"href":"https:\/\/host86.com.br\/clientes20\/kingo\/wp-json\/wp\/v2\/product"}],"about":[{"href":"https:\/\/host86.com.br\/clientes20\/kingo\/wp-json\/wp\/v2\/types\/product"}],"replies":[{"embeddable":true,"href":"https:\/\/host86.com.br\/clientes20\/kingo\/wp-json\/wp\/v2\/comments?post=1253"}],"wp:attachment":[{"href":"https:\/\/host86.com.br\/clientes20\/kingo\/wp-json\/wp\/v2\/media?parent=1253"}],"curies":[{"name":"wp","href":"https:\/\/api.w.org\/{rel}","templated":true}]}}