{"id":1252,"date":"2020-03-27T15:57:48","date_gmt":"2020-03-27T18:57:48","guid":{"rendered":"http:\/\/localhost\/kingo\/produto\/carregador-veicular-com-2-saidas-usb-de-2-4amp-c202\/"},"modified":"2020-03-27T15:57:48","modified_gmt":"2020-03-27T18:57:48","slug":"carregador-veicular-com-2-saidas-usb-de-2-4amp-c202","status":"publish","type":"product","link":"https:\/\/host86.com.br\/clientes20\/kingo\/produto\/carregador-veicular-com-2-saidas-usb-de-2-4amp-c202\/","title":{"rendered":"Carregador Veicular com 2 sa\u00eddas USB de 2.4Amp. (C202)"},"content":{"rendered":"<p>Caracter\u00edsticas: Adequado para todos os tipos de equipamentos port\u00e1teis;  Pode ser usado para carregar celular, Ipad, Ipad 2, Iphone, Android, GPS, etc&#8230;; Sa\u00edda de at\u00e9 2400mA.<\/p>\n","protected":false},"excerpt":{"rendered":"<p>Caracter\u00edsticas: Adequado para todos os tipos de equipamentos port\u00e1teis; Pode ser usado para carregar celular,&#8230;<\/p>\n","protected":false},"featured_media":0,"comment_status":"closed","ping_status":"open","template":"","meta":{"_acf_changed":false},"class_list":["post-1252","product","type-product","status-publish","hentry","product_cat-carregador-veicular-carregadores","product_cat-carregadores","pa_cores-branco"],"acf":[],"_links":{"self":[{"href":"https:\/\/host86.com.br\/clientes20\/kingo\/wp-json\/wp\/v2\/product\/1252","targetHints":{"allow":["GET"]}}],"collection":[{"href":"https:\/\/host86.com.br\/clientes20\/kingo\/wp-json\/wp\/v2\/product"}],"about":[{"href":"https:\/\/host86.com.br\/clientes20\/kingo\/wp-json\/wp\/v2\/types\/product"}],"replies":[{"embeddable":true,"href":"https:\/\/host86.com.br\/clientes20\/kingo\/wp-json\/wp\/v2\/comments?post=1252"}],"wp:attachment":[{"href":"https:\/\/host86.com.br\/clientes20\/kingo\/wp-json\/wp\/v2\/media?parent=1252"}],"curies":[{"name":"wp","href":"https:\/\/api.w.org\/{rel}","templated":true}]}}